{"id":12108,"date":"2020-11-24T11:38:03","date_gmt":"2020-11-24T10:38:03","guid":{"rendered":"https:\/\/comiteducoeur.org\/news\/"},"modified":"2025-09-29T08:23:07","modified_gmt":"2025-09-29T06:23:07","slug":"news","status":"publish","type":"page","link":"https:\/\/comiteducoeur.org\/en\/news\/","title":{"rendered":"News"},"content":{"rendered":"<p>[et_pb_section fb_built=\u201c1\u201d admin_label=\u201cBandeau image\u201d _builder_version=\u201c4.16\u201d background_color=\u201c#e02b20\u201d use_background_color_gradient=\u201con\u201d background_color_gradient_stops=\u201d#E83C3A 16%|rgba(0,0,0,0) 100%\u201d background_color_gradient_overlays_image=\u201con\u201d background_color_gradient_start=\u201d#E83C3A\u201d background_color_gradient_start_position=\u201c16%\u201d background_color_gradient_end=\u201crgba(0,0,0,0)\u201d background_image=\u201chttps:\/\/comiteducoeur.org\/wp-content\/uploads\/2020\/05\/motif_rouge.png\u201d background_size=\u201cinitial\u201d background_repeat=\u201crepeat\u201d max_height_tablet=\u201d\u201d max_height_phone=\u201d\u201d max_height_last_edited=\u201con|desktop\u201d custom_margin=\u201c0px||-1px||false|false\u201d custom_padding=\u201c0px||0px||false|false\u201d background_color_phone=\u201c#ff3232\u201d background_last_edited=\u201con|phone\u201d background_enable_color_phone=\u201con\u201d global_colors_info=\u201d{}\u201d][et_pb_row admin_label=\u201cLigne\u201d _builder_version=\u201c4.16\u201d min_height=\u201c19vh\u201d min_height_tablet=\u201c85vh\u201d min_height_phone=\u201c83vh\u201d min_height_last_edited=\u201con|phone\u201d custom_margin=\u201c0px||0px||false|false\u201d custom_padding=\u201c0px||0px||true|false\u201d custom_css_main_element=\u201cdisplay: flex;||flex-direction: column;||justify-content: flex-end;||\u201d global_colors_info=\u201d{}\u201d][et_pb_column type=\u201c4_4\u201d admin_label=\u201cColonne\u201d _builder_version=\u201c4.16\u201d global_colors_info=\u201d{}\u201d][et_pb_divider color=\u201d#ffffff\u201d divider_weight=\u201c2px\u201d _builder_version=\u201c4.16\u201d width=\u201c50px\u201d module_alignment=\u201cleft\u201d custom_margin=\u201d||0px||false|false\u201d custom_padding=\u201d||0px||false|false\u201d saved_tabs=\u201call\u201d global_colors_info=\u201d{}\u201d][\/et_pb_divider][et_pb_text admin_label=\u201cTitre\u201d module_class=\u201centete\u201d _builder_version=\u201c4.16\u201d text_text_color=\u201d#ffffff\u201d header_text_color=\u201d#ffffff\u201d custom_margin=\u201d||0px||false|false\u201d custom_padding=\u201d||0px||false|false\u201d global_colors_info=\u201d{}\u201d]<\/p>\n<h1>News<\/h1>\n<p>[\/et_pb_text][\/et_pb_column][\/et_pb_row][\/et_pb_section][et_pb_section fb_built=\u201c1\u201d admin_label=\u201cContenu\u201d module_id=\u201ccontenu\u201d _builder_version=\u201c4.16\u201d background_enable_color=\u201coff\u201d custom_margin=\u201c0px||0px||true|false\u201d custom_padding=\u201c10px||10px||true|false\u201d global_colors_info=\u201d{}\u201d][et_pb_row column_structure=\u201c2_3,1_3\u201d use_custom_gutter=\u201con\u201d gutter_width=\u201c3\u201d _builder_version=\u201c4.16\u201d global_colors_info=\u201d{}\u201d][et_pb_column type=\u201c2_3\u201d _builder_version=\u201c4.16\u201d custom_padding=\u201c24px||||false|false\u201d global_colors_info=\u201d{}\u201d][et_pb_blog posts_number=\u201c5\u201d include_categories=\u201call\u201d meta_date=\u201cj F Y\u201d show_more=\u201con\u201d show_author=\u201coff\u201d module_class=\u201ccustom_class\u201d _builder_version=\u201c4.16\u201d header_level=\u201ch3\u201d meta_font_size=\u201c13px\u201d meta_line_height=\u201c2.2em\u201d read_more_font=\u201d|700||on|||||\u201d read_more_font_size=\u201c15px\u201d text_orientation=\u201cleft\u201d custom_css_post_meta=\u201cpointer-events: none;\u201d custom_css_featured_image=\u201cmax-height: 200px;||width: auto !important;||border-radius: 10px;\u201d global_colors_info=\u201d{}\u201d show_categories__hover_enabled=\u201coff|desktop\u201d][\/et_pb_blog][\/et_pb_column][et_pb_column type=\u201c1_3\u201d _builder_version=\u201c4.16\u201d global_colors_info=\u201d{}\u201d][et_pb_sidebar show_border=\u201coff\u201d _builder_version=\u201c4.16\u201d global_colors_info=\u201d{}\u201d][\/et_pb_sidebar][\/et_pb_column][\/et_pb_row][\/et_pb_section]<\/p>\n","protected":false},"excerpt":{"rendered":"<p>News<\/p>\n","protected":false},"author":1,"featured_media":0,"parent":0,"menu_order":0,"comment_status":"closed","ping_status":"closed","template":"","meta":{"_et_pb_use_builder":"on","_et_pb_old_content":"","_et_gb_content_width":"","wp_typography_post_enhancements_disabled":false,"footnotes":""},"class_list":["post-12108","page","type-page","status-publish","hentry"],"yoast_head":"<!-- This site is optimized with the Yoast SEO plugin v26.9 - https:\/\/yoast.com\/product\/yoast-seo-wordpress\/ -->\n<title>News &#8211; Comit\u00e9 du c\u0153ur des soci\u00e9taires Sacem<\/title>\n<meta name=\"robots\" content=\"index, follow, max-snippet:-1, max-image-preview:large, max-video-preview:-1\" \/>\n<link rel=\"canonical\" href=\"https:\/\/comiteducoeur.org\/en\/news\/\" \/>\n<meta property=\"og:locale\" content=\"en_US\" \/>\n<meta property=\"og:type\" content=\"article\" \/>\n<meta property=\"og:title\" content=\"News &#8211; Comit\u00e9 du c\u0153ur des soci\u00e9taires Sacem\" \/>\n<meta property=\"og:description\" content=\"News\" \/>\n<meta property=\"og:url\" content=\"https:\/\/comiteducoeur.org\/en\/news\/\" \/>\n<meta property=\"og:site_name\" content=\"Comit\u00e9 du c\u0153ur des soci\u00e9taires Sacem\" \/>\n<meta property=\"article:modified_time\" content=\"2025-09-29T06:23:07+00:00\" \/>\n<meta name=\"twitter:card\" content=\"summary_large_image\" \/>\n<meta name=\"twitter:label1\" content=\"Est. reading time\" \/>\n\t<meta name=\"twitter:data1\" content=\"2 minutes\" \/>\n<script type=\"application\/ld+json\" class=\"yoast-schema-graph\">{\"@context\":\"https:\/\/schema.org\",\"@graph\":[{\"@type\":\"WebPage\",\"@id\":\"https:\/\/comiteducoeur.org\/en\/news\/\",\"url\":\"https:\/\/comiteducoeur.org\/en\/news\/\",\"name\":\"News &#8211; Comit\u00e9 du c\u0153ur des soci\u00e9taires Sacem\",\"isPartOf\":{\"@id\":\"https:\/\/comiteducoeur.org\/en\/#website\"},\"datePublished\":\"2020-11-24T10:38:03+00:00\",\"dateModified\":\"2025-09-29T06:23:07+00:00\",\"breadcrumb\":{\"@id\":\"https:\/\/comiteducoeur.org\/en\/news\/#breadcrumb\"},\"inLanguage\":\"en-US\",\"potentialAction\":[{\"@type\":\"ReadAction\",\"target\":[\"https:\/\/comiteducoeur.org\/en\/news\/\"]}]},{\"@type\":\"BreadcrumbList\",\"@id\":\"https:\/\/comiteducoeur.org\/en\/news\/#breadcrumb\",\"itemListElement\":[{\"@type\":\"ListItem\",\"position\":1,\"name\":\"Accueil\",\"item\":\"https:\/\/comiteducoeur.org\/en\/\"},{\"@type\":\"ListItem\",\"position\":2,\"name\":\"News\"}]},{\"@type\":\"WebSite\",\"@id\":\"https:\/\/comiteducoeur.org\/en\/#website\",\"url\":\"https:\/\/comiteducoeur.org\/en\/\",\"name\":\"Comit\u00e9 du c\u0153ur des soci\u00e9taires Sacem\",\"description\":\"Association d\u2019entraide des auteurs et compositeurs membres de la Sacem \u2014 reconnue d&#039;utilit\u00e9 publique depuis 1953\",\"publisher\":{\"@id\":\"https:\/\/comiteducoeur.org\/en\/#organization\"},\"potentialAction\":[{\"@type\":\"SearchAction\",\"target\":{\"@type\":\"EntryPoint\",\"urlTemplate\":\"https:\/\/comiteducoeur.org\/en\/?s={search_term_string}\"},\"query-input\":{\"@type\":\"PropertyValueSpecification\",\"valueRequired\":true,\"valueName\":\"search_term_string\"}}],\"inLanguage\":\"en-US\"},{\"@type\":\"Organization\",\"@id\":\"https:\/\/comiteducoeur.org\/en\/#organization\",\"name\":\"Comit\u00e9 du c\u0153eur\",\"url\":\"https:\/\/comiteducoeur.org\/en\/\",\"logo\":{\"@type\":\"ImageObject\",\"inLanguage\":\"en-US\",\"@id\":\"https:\/\/comiteducoeur.org\/en\/#\/schema\/logo\/image\/\",\"url\":\"\",\"contentUrl\":\"\",\"caption\":\"Comit\u00e9 du c\u0153eur\"},\"image\":{\"@id\":\"https:\/\/comiteducoeur.org\/en\/#\/schema\/logo\/image\/\"}}]}<\/script>\n<!-- \/ Yoast SEO plugin. -->","yoast_head_json":{"title":"News &#8211; Comit\u00e9 du c\u0153ur des soci\u00e9taires Sacem","robots":{"index":"index","follow":"follow","max-snippet":"max-snippet:-1","max-image-preview":"max-image-preview:large","max-video-preview":"max-video-preview:-1"},"canonical":"https:\/\/comiteducoeur.org\/en\/news\/","og_locale":"en_US","og_type":"article","og_title":"News &#8211; Comit\u00e9 du c\u0153ur des soci\u00e9taires Sacem","og_description":"News","og_url":"https:\/\/comiteducoeur.org\/en\/news\/","og_site_name":"Comit\u00e9 du c\u0153ur des soci\u00e9taires Sacem","article_modified_time":"2025-09-29T06:23:07+00:00","twitter_card":"summary_large_image","twitter_misc":{"Est. reading time":"2 minutes"},"schema":{"@context":"https:\/\/schema.org","@graph":[{"@type":"WebPage","@id":"https:\/\/comiteducoeur.org\/en\/news\/","url":"https:\/\/comiteducoeur.org\/en\/news\/","name":"News &#8211; Comit\u00e9 du c\u0153ur des soci\u00e9taires Sacem","isPartOf":{"@id":"https:\/\/comiteducoeur.org\/en\/#website"},"datePublished":"2020-11-24T10:38:03+00:00","dateModified":"2025-09-29T06:23:07+00:00","breadcrumb":{"@id":"https:\/\/comiteducoeur.org\/en\/news\/#breadcrumb"},"inLanguage":"en-US","potentialAction":[{"@type":"ReadAction","target":["https:\/\/comiteducoeur.org\/en\/news\/"]}]},{"@type":"BreadcrumbList","@id":"https:\/\/comiteducoeur.org\/en\/news\/#breadcrumb","itemListElement":[{"@type":"ListItem","position":1,"name":"Accueil","item":"https:\/\/comiteducoeur.org\/en\/"},{"@type":"ListItem","position":2,"name":"News"}]},{"@type":"WebSite","@id":"https:\/\/comiteducoeur.org\/en\/#website","url":"https:\/\/comiteducoeur.org\/en\/","name":"Comit\u00e9 du c\u0153ur des soci\u00e9taires Sacem","description":"Association d\u2019entraide des auteurs et compositeurs membres de la Sacem \u2014 reconnue d&#039;utilit\u00e9 publique depuis 1953","publisher":{"@id":"https:\/\/comiteducoeur.org\/en\/#organization"},"potentialAction":[{"@type":"SearchAction","target":{"@type":"EntryPoint","urlTemplate":"https:\/\/comiteducoeur.org\/en\/?s={search_term_string}"},"query-input":{"@type":"PropertyValueSpecification","valueRequired":true,"valueName":"search_term_string"}}],"inLanguage":"en-US"},{"@type":"Organization","@id":"https:\/\/comiteducoeur.org\/en\/#organization","name":"Comit\u00e9 du c\u0153eur","url":"https:\/\/comiteducoeur.org\/en\/","logo":{"@type":"ImageObject","inLanguage":"en-US","@id":"https:\/\/comiteducoeur.org\/en\/#\/schema\/logo\/image\/","url":"","contentUrl":"","caption":"Comit\u00e9 du c\u0153eur"},"image":{"@id":"https:\/\/comiteducoeur.org\/en\/#\/schema\/logo\/image\/"}}]}},"_links":{"self":[{"href":"https:\/\/comiteducoeur.org\/en\/wp-json\/wp\/v2\/pages\/12108","targetHints":{"allow":["GET"]}}],"collection":[{"href":"https:\/\/comiteducoeur.org\/en\/wp-json\/wp\/v2\/pages"}],"about":[{"href":"https:\/\/comiteducoeur.org\/en\/wp-json\/wp\/v2\/types\/page"}],"author":[{"embeddable":true,"href":"https:\/\/comiteducoeur.org\/en\/wp-json\/wp\/v2\/users\/1"}],"replies":[{"embeddable":true,"href":"https:\/\/comiteducoeur.org\/en\/wp-json\/wp\/v2\/comments?post=12108"}],"version-history":[{"count":8,"href":"https:\/\/comiteducoeur.org\/en\/wp-json\/wp\/v2\/pages\/12108\/revisions"}],"predecessor-version":[{"id":12385,"href":"https:\/\/comiteducoeur.org\/en\/wp-json\/wp\/v2\/pages\/12108\/revisions\/12385"}],"wp:attachment":[{"href":"https:\/\/comiteducoeur.org\/en\/wp-json\/wp\/v2\/media?parent=12108"}],"curies":[{"name":"wp","href":"https:\/\/api.w.org\/{rel}","templated":true}]}}