{"id":12114,"date":"2020-07-16T16:48:01","date_gmt":"2020-07-16T14:48:01","guid":{"rendered":"https:\/\/comiteducoeur.org\/social-assistance\/"},"modified":"2025-09-25T14:33:25","modified_gmt":"2025-09-25T12:33:25","slug":"social-assistance","status":"publish","type":"page","link":"https:\/\/comiteducoeur.org\/en\/social-assistance\/","title":{"rendered":"Social assistance"},"content":{"rendered":"<p>[et_pb_section fb_built=\u201c1\u201d admin_label=\u201cBANDEAU IMAGE\u201d module_class=\u201centete\u201d _builder_version=\u201c4.16\u201d background_color=\u201c#e02b20\u201d use_background_color_gradient=\u201con\u201d background_color_gradient_stops=\u201d#e83c3a 4%|rgba(0,0,0,0) 26%\u201d background_color_gradient_overlays_image=\u201con\u201d background_color_gradient_start=\u201d#e83c3a\u201d background_color_gradient_start_position=\u201c4%\u201d background_color_gradient_end=\u201crgba(0,0,0,0)\u201d background_color_gradient_end_position=\u201c26%\u201d background_image=\u201chttps:\/\/comiteducoeur.org\/wp-content\/uploads\/2020\/06\/AdobeStock_278178050-scaled.jpg\u201d background_position=\u201ctop_center\u201d max_height_tablet=\u201d\u201d max_height_phone=\u201d\u201d max_height_last_edited=\u201con|desktop\u201d custom_margin=\u201c0px||-1px||false|false\u201d custom_margin_tablet=\u201d\u201d custom_margin_phone=\u201c40px||||false|false\u201d custom_margin_last_edited=\u201con|phone\u201d custom_padding=\u201c0px||0px||true|false\u201d global_colors_info=\u201d{}\u201d][et_pb_row _builder_version=\u201c4.16\u201d module_alignment=\u201ccenter\u201d min_height=\u201c85vh\u201d min_height_tablet=\u201c85vh\u201d min_height_phone=\u201c83vh\u201d min_height_last_edited=\u201con|phone\u201d custom_margin=\u201c0px||0px||false|false\u201d custom_padding=\u201c0px||0px||true|false\u201d custom_css_main_element=\u201cdisplay: flex;||flex-direction: column;||justify-content: flex-end;||\u201d global_colors_info=\u201d{}\u201d][et_pb_column type=\u201c4_4\u201d _builder_version=\u201c4.16\u201d global_colors_info=\u201d{}\u201d][et_pb_divider color=\u201c#E02B20\u201d divider_weight=\u201c2px\u201d disabled_on=\u201coff|off|off\u201d admin_label=\u201cS\u00e9parateur haut rouge\u201d _builder_version=\u201c4.23\u201d width=\u201c50px\u201d module_alignment=\u201cleft\u201d custom_margin=\u201c0px||0px||false|false\u201d custom_padding=\u201c0px||0px||false|false\u201d disabled=\u201con\u201d global_module=\u201c1745\u201d saved_tabs=\u201call\u201d locked=\u201coff\u201d global_colors_info=\u201d{}\u201d][\/et_pb_divider][et_pb_text admin_label=\u201cTITRE\u201d _builder_version=\u201c4.16\u201d custom_margin=\u201d||0px||false|false\u201d custom_padding=\u201d||0px||false|false\u201d global_colors_info=\u201d{}\u201d]<\/p>\n<h1>Social assistance<\/h1>\n<p>[\/et_pb_text][et_pb_blurb use_icon=\u201con\u201d font_icon=\u201c;||divi||400\u201d icon_color=\u201crgba(255,255,255,0.45)\u201d image_icon_width=\u201c34px\u201d admin_label=\u201cfl\u00e8che (ne pas toucher)\u201d module_id=\u201ccontenu\u201d _builder_version=\u201c4.16\u201d animation_style=\u201cbounce\u201d animation_duration=\u201c3000ms\u201d animation_starting_opacity=\u201c100%\u201d animation_speed_curve=\u201clinear\u201d animation_repeat=\u201cloop\u201d animation=\u201cbottom\u201d link_option_url=\u201d#contenu\u201d icon_font_size=\u201c34px\u201d global_colors_info=\u201d{}\u201d][\/et_pb_blurb][\/et_pb_column][\/et_pb_row][\/et_pb_section][et_pb_section fb_built=\u201c1\u201d specialty=\u201con\u201d admin_label=\u201cContenu\u201d _builder_version=\u201c4.16\u201d custom_margin=\u201c0px||0px||true|false\u201d custom_padding=\u201c30px||0px||false|false\u201d global_colors_info=\u201d{}\u201d][et_pb_column type=\u201c2_3\u201d specialty_columns=\u201c2\u201d _builder_version=\u201c4.16\u201d custom_padding=\u201d|||\u201d global_colors_info=\u201d{}\u201d custom_padding__hover=\u201d|||\u201d][et_pb_row_inner admin_label=\u201ctexte\u201d _builder_version=\u201c4.16\u201d global_colors_info=\u201d{}\u201d][et_pb_column_inner saved_specialty_column_type=\u201c2_3\u201d _builder_version=\u201c4.16\u201d global_colors_info=\u201d{}\u201d][et_pb_divider color=\u201c#E02B20\u201d divider_weight=\u201c2px\u201d disabled_on=\u201coff|off|off\u201d admin_label=\u201cS\u00e9parateur haut rouge\u201d _builder_version=\u201c4.23\u201d width=\u201c50px\u201d module_alignment=\u201cleft\u201d custom_margin=\u201c0px||0px||false|false\u201d custom_padding=\u201c0px||0px||false|false\u201d disabled=\u201con\u201d global_module=\u201c1745\u201d saved_tabs=\u201call\u201d locked=\u201coff\u201d global_colors_info=\u201d{}\u201d][\/et_pb_divider][et_pb_text admin_label=\u201cTEXTE\u201d _builder_version=\u201c4.27.4\u201d custom_padding=\u201d||0px|||\u201d hover_enabled=\u201c0\u201d global_colors_info=\u201d{}\u201d sticky_enabled=\u201c0\u201d]<\/p>\n<p>First-level support is provided by Sacem\u2019s social protection department on behalf of the Comit\u00e9 du c\u0153ur, ensuring complete discretion.<\/p>\n<p>For requests that need more specific and in-depth follow-up, the Comit\u00e9 du c\u0153ur is assisted by a social worker. She can give advice and support to those making requests about their personal or professional situations and provide individual assistance, bound by professional confidentiality.&nbsp;<\/p>\n<p>The social worker can also provide more focused personal support after one-off assistance from the Comit\u00e9 du&nbsp;c\u0153ur.<\/p>\n<p>Even in the absence of financial aid, an attentive ear and specialised, personalised assistance can often be invaluable and decisive.<\/p>\n<p>[\/et_pb_text][\/et_pb_column_inner][\/et_pb_row_inner][\/et_pb_column][et_pb_column type=\u201c1_3\u201d _builder_version=\u201c4.16\u201d custom_padding=\u201d|||\u201d global_colors_info=\u201d{}\u201d custom_padding__hover=\u201d|||\u201d][et_pb_divider color=\u201c#E02B20\u201d divider_weight=\u201c2px\u201d disabled_on=\u201coff|off|off\u201d admin_label=\u201cS\u00e9parateur haut rouge\u201d _builder_version=\u201c4.23\u201d width=\u201c50px\u201d module_alignment=\u201cleft\u201d custom_margin=\u201c0px||0px||false|false\u201d custom_padding=\u201c0px||0px||false|false\u201d disabled=\u201con\u201d global_module=\u201c1745\u201d saved_tabs=\u201call\u201d locked=\u201coff\u201d global_colors_info=\u201d{}\u201d][\/et_pb_divider][et_pb_image src=\u201chttp:\/\/comiteducoeur.org\/wp-content\/uploads\/2020\/07\/Florence-LeFaucheur.jpg\u201d show_in_lightbox=\u201con\u201d module_class=\u201ctondo_rouge-petit img_nb\u201d _builder_version=\u201c4.16\u201d max_width=\u201c200px\u201d custom_margin=\u201d||||false|false\u201d custom_padding=\u201d||||false|false\u201d border_radii=\u201con|500px|500px|500px|500px\u201d border_width_all=\u201c6px\u201d border_color_all=\u201d#ffffff\u201d global_colors_info=\u201d{}\u201d transform_styles__hover_enabled=\u201con|hover\u201d transform_scale__hover_enabled=\u201con|hover\u201d transform_translate__hover_enabled=\u201con|desktop\u201d transform_rotate__hover_enabled=\u201con|desktop\u201d transform_skew__hover_enabled=\u201con|desktop\u201d transform_origin__hover_enabled=\u201con|desktop\u201d transform_scale__hover=\u201c95%|95%\u201d][\/et_pb_image][et_pb_text admin_label=\u201cCITATION\u201d _builder_version=\u201c4.16\u201d header_text_color=\u201c#ff3232\u201d header_3_text_color=\u201c#ff3232\u201d global_colors_info=\u201d{}\u201d]<\/p>\n<blockquote>\n<p>\u201cI am always attentive to personal issues to guide and facilitate relationships, advise on specific questions, and try to anticipate problems. Relationships are key, and solidarity and support networks are fortunately very active.\u201d<\/p>\n<p>\u2014 Florence Le Faucheur, social worker<\/p>\n<\/blockquote>\n<p>[\/et_pb_text][\/et_pb_column][\/et_pb_section][et_pb_section fb_built=\u201c1\u201d disabled_on=\u201con|on|on\u201d admin_label=\u201cTEMOIGNAGE\u201d _builder_version=\u201c4.16\u201d background_color=\u201c#a1a2b5\u201d background_color_gradient_direction=\u201c288deg\u201d background_image=\u201chttps:\/\/comiteducoeur.org\/wp-content\/uploads\/2020\/07\/Claude-LemeslecCHESNEAU_Marc_fond.jpg\u201d background_blend=\u201cscreen\u201d custom_margin=\u201c0px||0px||true|false\u201d custom_padding=\u201c90px||90px||true|false\u201d disabled=\u201con\u201d global_colors_info=\u201d{}\u201d][et_pb_row make_equal=\u201con\u201d custom_padding_last_edited=\u201con|phone\u201d _builder_version=\u201c4.16\u201d custom_margin=\u201c0px||0px||false|false\u201d custom_padding=\u201c0px|38%|0px||false|false\u201d custom_padding_tablet=\u201d\u201d custom_padding_phone=\u201d|18%|||false|false\u201d global_colors_info=\u201d{}\u201d][et_pb_column type=\u201c4_4\u201d _builder_version=\u201c4.16\u201d global_colors_info=\u201d{}\u201d][et_pb_text disabled_on=\u201con|on|on\u201d admin_label=\u201cCITATION\u201d module_class=\u201ccitation_bleue\u201d _builder_version=\u201c4.16\u201d header_text_color=\u201c#283583\u201d header_3_text_color=\u201c#283583\u201d disabled=\u201con\u201d global_colors_info=\u201d{}\u201d]<\/p>\n<blockquote>\n<p>\u201cIf you are in need of temporary assistance, do not hesitate to contact the Comit\u00e9 du c\u0153ur.<br>It was created to help&nbsp;you.\u201d<\/p>\n<p>\u2014 Claude Lemesle, author and vice-president of the Comit\u00e9 du&nbsp;c\u0153ur<\/p>\n<\/blockquote>\n<p>[\/et_pb_text][\/et_pb_column][\/et_pb_row][\/et_pb_section]<\/p>\n","protected":false},"excerpt":{"rendered":"<p>Social assistanceFirst-level support is provided by Sacem\u2019s social protection department on behalf of the Comit\u00e9 du c\u0153ur, ensuring complete discretion. For requests that need more specific and in-depth follow-up, the Comit\u00e9 du c\u0153ur is assisted by a social worker. She can give advice and support to those making requests about their personal or professional situations&nbsp;[\u2026]<\/p>\n","protected":false},"author":2,"featured_media":0,"parent":0,"menu_order":0,"comment_status":"closed","ping_status":"closed","template":"","meta":{"_et_pb_use_builder":"on","_et_pb_old_content":"","_et_gb_content_width":"","wp_typography_post_enhancements_disabled":false,"footnotes":""},"class_list":["post-12114","page","type-page","status-publish","hentry"],"yoast_head":"<!-- This site is optimized with the Yoast SEO plugin v26.9 - https:\/\/yoast.com\/product\/yoast-seo-wordpress\/ -->\n<title>Social assistance &#8211; Comit\u00e9 du c\u0153ur des soci\u00e9taires Sacem<\/title>\n<meta name=\"robots\" content=\"index, follow, max-snippet:-1, max-image-preview:large, max-video-preview:-1\" \/>\n<link rel=\"canonical\" href=\"https:\/\/comiteducoeur.org\/en\/social-assistance\/\" \/>\n<meta property=\"og:locale\" content=\"en_US\" \/>\n<meta property=\"og:type\" content=\"article\" \/>\n<meta property=\"og:title\" content=\"Social assistance &#8211; Comit\u00e9 du c\u0153ur des soci\u00e9taires Sacem\" \/>\n<meta property=\"og:description\" content=\"Social assistanceFirst-level support is provided by Sacem&#039;s social protection department on behalf of the Comit\u00e9 du c\u0153ur, ensuring complete discretion. For requests that need more specific and in-depth follow-up, the Comit\u00e9 du c\u0153ur is assisted by a social worker. She can give advice and support to those making requests about their personal or professional situations [&hellip;]\" \/>\n<meta property=\"og:url\" content=\"https:\/\/comiteducoeur.org\/en\/social-assistance\/\" \/>\n<meta property=\"og:site_name\" content=\"Comit\u00e9 du c\u0153ur des soci\u00e9taires Sacem\" \/>\n<meta property=\"article:modified_time\" content=\"2025-09-25T12:33:25+00:00\" \/>\n<meta name=\"twitter:card\" content=\"summary_large_image\" \/>\n<meta name=\"twitter:label1\" content=\"Est. reading time\" \/>\n\t<meta name=\"twitter:data1\" content=\"5 minutes\" \/>\n<script type=\"application\/ld+json\" class=\"yoast-schema-graph\">{\"@context\":\"https:\/\/schema.org\",\"@graph\":[{\"@type\":\"WebPage\",\"@id\":\"https:\/\/comiteducoeur.org\/en\/social-assistance\/\",\"url\":\"https:\/\/comiteducoeur.org\/en\/social-assistance\/\",\"name\":\"Social assistance &#8211; Comit\u00e9 du c\u0153ur des soci\u00e9taires Sacem\",\"isPartOf\":{\"@id\":\"https:\/\/comiteducoeur.org\/en\/#website\"},\"datePublished\":\"2020-07-16T14:48:01+00:00\",\"dateModified\":\"2025-09-25T12:33:25+00:00\",\"breadcrumb\":{\"@id\":\"https:\/\/comiteducoeur.org\/en\/social-assistance\/#breadcrumb\"},\"inLanguage\":\"en-US\",\"potentialAction\":[{\"@type\":\"ReadAction\",\"target\":[\"https:\/\/comiteducoeur.org\/en\/social-assistance\/\"]}]},{\"@type\":\"BreadcrumbList\",\"@id\":\"https:\/\/comiteducoeur.org\/en\/social-assistance\/#breadcrumb\",\"itemListElement\":[{\"@type\":\"ListItem\",\"position\":1,\"name\":\"Accueil\",\"item\":\"https:\/\/comiteducoeur.org\/en\/\"},{\"@type\":\"ListItem\",\"position\":2,\"name\":\"Social assistance\"}]},{\"@type\":\"WebSite\",\"@id\":\"https:\/\/comiteducoeur.org\/en\/#website\",\"url\":\"https:\/\/comiteducoeur.org\/en\/\",\"name\":\"Comit\u00e9 du c\u0153ur des soci\u00e9taires Sacem\",\"description\":\"Association d\u2019entraide des auteurs et compositeurs membres de la Sacem \u2014 reconnue d&#039;utilit\u00e9 publique depuis 1953\",\"publisher\":{\"@id\":\"https:\/\/comiteducoeur.org\/en\/#organization\"},\"potentialAction\":[{\"@type\":\"SearchAction\",\"target\":{\"@type\":\"EntryPoint\",\"urlTemplate\":\"https:\/\/comiteducoeur.org\/en\/?s={search_term_string}\"},\"query-input\":{\"@type\":\"PropertyValueSpecification\",\"valueRequired\":true,\"valueName\":\"search_term_string\"}}],\"inLanguage\":\"en-US\"},{\"@type\":\"Organization\",\"@id\":\"https:\/\/comiteducoeur.org\/en\/#organization\",\"name\":\"Comit\u00e9 du c\u0153eur\",\"url\":\"https:\/\/comiteducoeur.org\/en\/\",\"logo\":{\"@type\":\"ImageObject\",\"inLanguage\":\"en-US\",\"@id\":\"https:\/\/comiteducoeur.org\/en\/#\/schema\/logo\/image\/\",\"url\":\"\",\"contentUrl\":\"\",\"caption\":\"Comit\u00e9 du c\u0153eur\"},\"image\":{\"@id\":\"https:\/\/comiteducoeur.org\/en\/#\/schema\/logo\/image\/\"}}]}<\/script>\n<!-- \/ Yoast SEO plugin. -->","yoast_head_json":{"title":"Social assistance &#8211; Comit\u00e9 du c\u0153ur des soci\u00e9taires Sacem","robots":{"index":"index","follow":"follow","max-snippet":"max-snippet:-1","max-image-preview":"max-image-preview:large","max-video-preview":"max-video-preview:-1"},"canonical":"https:\/\/comiteducoeur.org\/en\/social-assistance\/","og_locale":"en_US","og_type":"article","og_title":"Social assistance &#8211; Comit\u00e9 du c\u0153ur des soci\u00e9taires Sacem","og_description":"Social assistanceFirst-level support is provided by Sacem's social protection department on behalf of the Comit\u00e9 du c\u0153ur, ensuring complete discretion. For requests that need more specific and in-depth follow-up, the Comit\u00e9 du c\u0153ur is assisted by a social worker. She can give advice and support to those making requests about their personal or professional situations [&hellip;]","og_url":"https:\/\/comiteducoeur.org\/en\/social-assistance\/","og_site_name":"Comit\u00e9 du c\u0153ur des soci\u00e9taires Sacem","article_modified_time":"2025-09-25T12:33:25+00:00","twitter_card":"summary_large_image","twitter_misc":{"Est. reading time":"5 minutes"},"schema":{"@context":"https:\/\/schema.org","@graph":[{"@type":"WebPage","@id":"https:\/\/comiteducoeur.org\/en\/social-assistance\/","url":"https:\/\/comiteducoeur.org\/en\/social-assistance\/","name":"Social assistance &#8211; Comit\u00e9 du c\u0153ur des soci\u00e9taires Sacem","isPartOf":{"@id":"https:\/\/comiteducoeur.org\/en\/#website"},"datePublished":"2020-07-16T14:48:01+00:00","dateModified":"2025-09-25T12:33:25+00:00","breadcrumb":{"@id":"https:\/\/comiteducoeur.org\/en\/social-assistance\/#breadcrumb"},"inLanguage":"en-US","potentialAction":[{"@type":"ReadAction","target":["https:\/\/comiteducoeur.org\/en\/social-assistance\/"]}]},{"@type":"BreadcrumbList","@id":"https:\/\/comiteducoeur.org\/en\/social-assistance\/#breadcrumb","itemListElement":[{"@type":"ListItem","position":1,"name":"Accueil","item":"https:\/\/comiteducoeur.org\/en\/"},{"@type":"ListItem","position":2,"name":"Social assistance"}]},{"@type":"WebSite","@id":"https:\/\/comiteducoeur.org\/en\/#website","url":"https:\/\/comiteducoeur.org\/en\/","name":"Comit\u00e9 du c\u0153ur des soci\u00e9taires Sacem","description":"Association d\u2019entraide des auteurs et compositeurs membres de la Sacem \u2014 reconnue d&#039;utilit\u00e9 publique depuis 1953","publisher":{"@id":"https:\/\/comiteducoeur.org\/en\/#organization"},"potentialAction":[{"@type":"SearchAction","target":{"@type":"EntryPoint","urlTemplate":"https:\/\/comiteducoeur.org\/en\/?s={search_term_string}"},"query-input":{"@type":"PropertyValueSpecification","valueRequired":true,"valueName":"search_term_string"}}],"inLanguage":"en-US"},{"@type":"Organization","@id":"https:\/\/comiteducoeur.org\/en\/#organization","name":"Comit\u00e9 du c\u0153eur","url":"https:\/\/comiteducoeur.org\/en\/","logo":{"@type":"ImageObject","inLanguage":"en-US","@id":"https:\/\/comiteducoeur.org\/en\/#\/schema\/logo\/image\/","url":"","contentUrl":"","caption":"Comit\u00e9 du c\u0153eur"},"image":{"@id":"https:\/\/comiteducoeur.org\/en\/#\/schema\/logo\/image\/"}}]}},"_links":{"self":[{"href":"https:\/\/comiteducoeur.org\/en\/wp-json\/wp\/v2\/pages\/12114","targetHints":{"allow":["GET"]}}],"collection":[{"href":"https:\/\/comiteducoeur.org\/en\/wp-json\/wp\/v2\/pages"}],"about":[{"href":"https:\/\/comiteducoeur.org\/en\/wp-json\/wp\/v2\/types\/page"}],"author":[{"embeddable":true,"href":"https:\/\/comiteducoeur.org\/en\/wp-json\/wp\/v2\/users\/2"}],"replies":[{"embeddable":true,"href":"https:\/\/comiteducoeur.org\/en\/wp-json\/wp\/v2\/comments?post=12114"}],"version-history":[{"count":2,"href":"https:\/\/comiteducoeur.org\/en\/wp-json\/wp\/v2\/pages\/12114\/revisions"}],"predecessor-version":[{"id":12117,"href":"https:\/\/comiteducoeur.org\/en\/wp-json\/wp\/v2\/pages\/12114\/revisions\/12117"}],"wp:attachment":[{"href":"https:\/\/comiteducoeur.org\/en\/wp-json\/wp\/v2\/media?parent=12114"}],"curies":[{"name":"wp","href":"https:\/\/api.w.org\/{rel}","templated":true}]}}