{"id":12118,"date":"2020-07-16T16:53:58","date_gmt":"2020-07-16T14:53:58","guid":{"rendered":"https:\/\/comiteducoeur.org\/mutual-aid-and-support-the-chevalier-committee\/"},"modified":"2025-09-25T15:17:44","modified_gmt":"2025-09-25T13:17:44","slug":"mutual-aid-and-support-the-chevalier-committee","status":"publish","type":"page","link":"https:\/\/comiteducoeur.org\/en\/mutual-aid-and-support-the-chevalier-committee\/","title":{"rendered":"Mutual aid and support: the Chevalier committee"},"content":{"rendered":"<p>[et_pb_section fb_built=\u201c1\u201d admin_label=\u201cBANDEAU IMAGE\u201d module_class=\u201centete\u201d _builder_version=\u201c4.7.7\u201d background_color=\u201c#ff3232\u201d use_background_color_gradient=\u201con\u201d background_color_gradient_start=\u201d#E83C3A\u201d background_color_gradient_end=\u201crgba(0,0,0,0)\u201d background_color_gradient_start_position=\u201c4%\u201d background_color_gradient_end_position=\u201c26%\u201d background_color_gradient_overlays_image=\u201con\u201d background_image=\u201chttps:\/\/comiteducoeur.org\/wp-content\/uploads\/2020\/07\/MariePauleBelle_Pro_03_AlainDesvernois-e1594893551675.jpg\u201d max_height_tablet=\u201d\u201d max_height_phone=\u201d\u201d max_height_last_edited=\u201con|desktop\u201d custom_margin=\u201c0px||-1px||false|false\u201d custom_margin_tablet=\u201d\u201d custom_margin_phone=\u201c40px||||false|false\u201d custom_margin_last_edited=\u201con|desktop\u201d custom_padding=\u201c0px||0px||false|false\u201d custom_css_main_element=\u201cmin-height: 82vh;||display: flex;||flex-direction: column;||position: relative;\u201d][et_pb_row _builder_version=\u201c4.4.3\u201d min_height=\u201c85vh\u201d min_height_tablet=\u201c85vh\u201d min_height_phone=\u201c83vh\u201d min_height_last_edited=\u201con|phone\u201d custom_margin=\u201c0px||0px||false|false\u201d custom_margin_tablet=\u201d\u201d custom_margin_phone=\u201d\u201d custom_margin_last_edited=\u201con|phone\u201d custom_padding=\u201c0px||0px||true|false\u201d custom_css_main_element=\u201cdisplay: flex;||flex-direction: column;||justify-content: flex-end;||\u201d][et_pb_column type=\u201c4_4\u201d _builder_version=\u201c4.4.3\u201d][et_pb_text admin_label=\u201cCitation\u201d module_class=\u201cblanc\u201d _builder_version=\u201c4.4.3\u201d width=\u201c100%\u201d custom_margin=\u201d||||false|false\u201d custom_padding=\u201d||||false|false\u201d]<\/p>\n<blockquote>\n<p>\u201cWhen I was in extreme distress, <br>unwell and without resources, the Comit\u00e9 du c\u0153ur <br>offered me financial support and guidance. <br>What a tremendous gesture from this committee!\u201d<\/p>\n<p><span style=\"color: #ffffff;\">\u2014 Marie-Paule Belle<\/span><\/p>\n<\/blockquote>\n<p>[\/et_pb_text][et_pb_divider color=\u201d#E83C3A\u201d divider_weight=\u201c2px\u201d disabled_on=\u201con|on|on\u201d admin_label=\u201cS\u00e9parateur haut rouge\u201d _builder_version=\u201c4.7.7\u201d width=\u201c50px\u201d module_alignment=\u201cleft\u201d custom_margin=\u201c0px||0px||false|false\u201d custom_padding=\u201c0px||0px||false|false\u201d disabled=\u201con\u201d global_module=\u201c1745\u201d saved_tabs=\u201call\u201d locked=\u201coff\u201d][\/et_pb_divider][et_pb_text admin_label=\u201cTITRE\u201d _builder_version=\u201c4.4.3\u201d]<\/p>\n<h1>Mutual aid and support: the Chevalier committee<\/h1>\n<p>[\/et_pb_text][et_pb_blurb use_icon=\u201con\u201d font_icon=\u201d%%26%%\u201d icon_color=\u201crgba(255,255,255,0.45)\u201d use_icon_font_size=\u201con\u201d icon_font_size=\u201c34px\u201d admin_label=\u201cFl\u00e8che (ne pas toucher)\u201d module_id=\u201ccontenu\u201d _builder_version=\u201c4.4.3\u201d custom_margin=\u201c0px||0px||true|false\u201d custom_padding=\u201c0px||0px||true|false\u201d animation_style=\u201cbounce\u201d animation_duration=\u201c3000ms\u201d animation_starting_opacity=\u201c100%\u201d animation_speed_curve=\u201clinear\u201d animation_repeat=\u201cloop\u201d animation=\u201cbottom\u201d link_option_url=\u201d#contenu\u201d][\/et_pb_blurb][\/et_pb_column][\/et_pb_row][\/et_pb_section][et_pb_section fb_built=\u201c1\u201d specialty=\u201con\u201d admin_label=\u201cContenu\u201d _builder_version=\u201c4.4.3\u201d custom_margin=\u201c0px||0px||true|false\u201d custom_padding=\u201c30px||0px||false|false\u201d][et_pb_column type=\u201c2_3\u201d specialty_columns=\u201c2\u201d _builder_version=\u201c3.25\u201d custom_padding=\u201d|||\u201d custom_padding__hover=\u201d|||\u201d][et_pb_row_inner admin_label=\u201ctexte\u201d _builder_version=\u201c4.4.3\u201d][et_pb_column_inner saved_specialty_column_type=\u201c2_3\u201d _builder_version=\u201c4.4.3\u201d][et_pb_divider color=\u201d#E83C3A\u201d divider_weight=\u201c2px\u201d disabled_on=\u201con|on|on\u201d admin_label=\u201cS\u00e9parateur haut rouge\u201d _builder_version=\u201c4.7.7\u201d width=\u201c50px\u201d module_alignment=\u201cleft\u201d custom_margin=\u201c0px||0px||false|false\u201d custom_padding=\u201c0px||0px||false|false\u201d disabled=\u201con\u201d global_module=\u201c1745\u201d saved_tabs=\u201call\u201d locked=\u201coff\u201d][\/et_pb_divider][et_pb_text admin_label=\u201cTEXTE\u201d _builder_version=\u201c4.7.7\u201d custom_padding=\u201d||0px|||\u201d hover_enabled=\u201c0\u201d sticky_enabled=\u201c0\u201d]<\/p>\n<p>The Comit\u00e9 du c\u0153ur has the ability to grant one-off financial support to members in serious difficulty who can prove that they live or have lived off their royalties.<\/p>\n<p><strong>To be eligible for assistance<\/strong> from the Comit\u00e9 du c\u0153ur, you must send a letter explaining your situation, accompanied by a copy of your latest tax assessment, your latest income tax return and any supporting documents relating to the difficulties you are facing.<\/p>\n<p><a title=\"The Chevalier committee\" href=\"http:\/\/comiteducoeur.org\/qui-sommes-nous-comite-du-coeur\/#CA\">The Chevalier committee<\/a> named as tribute to Maurice Chevalier, is responsible for reviewing and deciding upon individual applications for assistance and financial aid.<\/p>\n<p>In 2020, as the Covid-19 health crisis struck authors, composers and music publishers hard, the Comit\u00e9 du c\u0153ur provided <a href=\"https:\/\/comiteducoeur.org\/le-comite-du-coeur-engage-aux-cotes-des-societaires-sacem\/\">exceptional aid and support<\/a> to those in financial distress through a dedicated fund.<\/p>\n<p>[\/et_pb_text][et_pb_button button_url=\u201d@ET-DC@eyJkeW5hbWljIjp0cnVlLCJjb250ZW50IjoicG9zdF9saW5rX3VybF9wYWdlIiwic2V0dGluZ3MiOnsicG9zdF9pZCI6IjI2MjMiLCJlbmFibGVfaHRtbCI6Im9mZiJ9fQ==@\u201d button_text=\u201cContact us\u201d disabled_on=\u201con|on|on\u201d admin_label=\u201cBOUTON\u201d _builder_version=\u201c4.7.7\u201d _dynamic_attributes=\u201cbutton_url\u201d custom_button=\u201con\u201d button_text_color=\u201d#ffffff\u201d button_bg_color=\u201d#E83C3A\u201d button_border_color=\u201d#E83C3A\u201d button_icon=\u201d%%28%%\u201d button_icon_color=\u201d#ffffff\u201d button_on_hover=\u201coff\u201d custom_margin=\u201d||||false|false\u201d custom_padding=\u201c1px|36px|1px|12px|true|false\u201d disabled=\u201con\u201d button_text_color__hover_enabled=\u201con|desktop\u201d button_text_color__hover=\u201c#ff3232\u201d button_bg_color__hover_enabled=\u201con|hover\u201d button_bg_color__hover=\u201d#ffffff\u201d button_bg_enable_color__hover=\u201con\u201d button_border_color__hover_enabled=\u201con|hover\u201d button_border_color__hover=\u201c#ff3232\u201d button_border_width__hover_enabled=\u201con|hover\u201d button_border_width__hover=\u201c2px\u201d button_icon_color__hover_enabled=\u201con|hover\u201d button_icon_color__hover=\u201c#ff3232\u201d][\/et_pb_button][\/et_pb_column_inner][\/et_pb_row_inner][\/et_pb_column][et_pb_column type=\u201c1_3\u201d _builder_version=\u201c3.25\u201d custom_padding=\u201d|||\u201d custom_padding__hover=\u201d|||\u201d][et_pb_divider color=\u201d#E83C3A\u201d divider_weight=\u201c2px\u201d disabled_on=\u201con|on|on\u201d admin_label=\u201cS\u00e9parateur haut rouge\u201d _builder_version=\u201c4.7.7\u201d width=\u201c50px\u201d module_alignment=\u201cleft\u201d custom_margin=\u201c0px||0px||false|false\u201d custom_padding=\u201c0px||0px||false|false\u201d disabled=\u201con\u201d global_module=\u201c1745\u201d saved_tabs=\u201call\u201d locked=\u201coff\u201d][\/et_pb_divider][et_pb_image src=\u201chttp:\/\/comiteducoeur.org\/wp-content\/uploads\/2020\/07\/Patrick_Sigwalt_cCHESNEAU_Marc_2.jpg\u201d show_in_lightbox=\u201con\u201d show_bottom_space=\u201coff\u201d align_tablet=\u201d\u201d align_phone=\u201d\u201d align_last_edited=\u201con|tablet\u201d module_class=\u201ctondo_rouge-petit img_nb\u201d _builder_version=\u201c4.4.3\u201d max_width=\u201c200px\u201d border_radii=\u201con|500px|500px|500px|500px\u201d border_width_all=\u201c6px\u201d border_color_all=\u201d#ffffff\u201d transform_styles__hover_enabled=\u201con|hover\u201d transform_scale__hover_enabled=\u201con|hover\u201d transform_translate__hover_enabled=\u201con|desktop\u201d transform_rotate__hover_enabled=\u201con|desktop\u201d transform_skew__hover_enabled=\u201con|desktop\u201d transform_origin__hover_enabled=\u201con|desktop\u201d transform_scale__hover=\u201c95%|95%\u201d][\/et_pb_image][et_pb_text admin_label=\u201cCITATION\u201d _builder_version=\u201c4.4.3\u201d header_text_color=\u201c#ff3232\u201d header_3_text_color=\u201c#ff3232\u201d]<\/p>\n<blockquote>\n<p>\u201cThe Comit\u00e9 du c\u0153ur, through the Chevalier commission, honours us by showing the true nature of music: sharing.\u201d<\/p>\n<p>\u2014 Patrick Sigwalt, composer<\/p>\n<\/blockquote>\n<p>[\/et_pb_text][\/et_pb_column][\/et_pb_section][et_pb_section fb_built=\u201c1\u201d admin_label=\u201cTEMOIGNAGE\u201d _builder_version=\u201c4.4.3\u201d background_color=\u201c#a1a2b5\u201d background_color_gradient_direction=\u201c288deg\u201d background_image=\u201chttps:\/\/comiteducoeur.org\/wp-content\/uploads\/2020\/07\/vanessa_bertran_pano_gris.jpg\u201d background_blend=\u201cscreen\u201d custom_margin=\u201c0px||0px||true|false\u201d custom_padding=\u201c30px||60px||false|false\u201d background_last_edited=\u201con|phone\u201d background_image_phone=\u201chttps:\/\/comiteducoeur.org\/wp-content\/uploads\/2020\/06\/vanessa_bertran.jpg\u201d background_enable_image_phone=\u201con\u201d background_position_phone=\u201ccenter_right\u201d][et_pb_row make_equal=\u201con\u201d custom_padding_last_edited=\u201con|phone\u201d _builder_version=\u201c4.4.3\u201d custom_margin=\u201c0px||0px||false|false\u201d custom_padding=\u201c0px||0px|36%|false|false\u201d custom_padding_tablet=\u201d|||22%|false|false\u201d custom_padding_phone=\u201d|||20%|false|false\u201d][et_pb_column type=\u201c4_4\u201d _builder_version=\u201c4.4.3\u201d][et_pb_text admin_label=\u201cCITATION\u201d module_class=\u201ccitation_bleue\u201d _builder_version=\u201c4.4.3\u201d header_text_color=\u201c#283583\u201d header_3_text_color=\u201c#283583\u201d]<\/p>\n<blockquote>\n<p>\u201cI see the Comit\u00e9 du c\u0153ur as a chain that connects us all, with each one of us being a link in it: those who compose or write redistribute to others the fruit of their inspiration.&nbsp;<\/p>\n<p>By joining the Comit\u00e9 du c\u0153ur, you contribute to the momentum that makes authors and composers a unified community. You welcome others, reach out to them, notice when smiles hide distress, and try to ease their worries.<\/p>\n<p>It\u2019s never too late to&nbsp;join.\u201d<\/p>\n<p>\u2014 Vanessa Bertran, dubbing author<\/p>\n<\/blockquote>\n<p>[\/et_pb_text][et_pb_button button_url=\u201d@ET-DC@eyJkeW5hbWljIjp0cnVlLCJjb250ZW50IjoicG9zdF9saW5rX3VybF9wYWdlIiwic2V0dGluZ3MiOnsicG9zdF9pZCI6IjgzMSIsImVuYWJsZV9odG1sIjoib2ZmIn19@\u201d button_text=\u201cJoin us\u201d button_alignment_tablet=\u201ccenter\u201d button_alignment_phone=\u201d\u201d button_alignment_last_edited=\u201con|tablet\u201d disabled_on=\u201coff|off|off\u201d admin_label=\u201cBouton ADHERER\u201d _builder_version=\u201c4.4.3\u201d _dynamic_attributes=\u201cbutton_url\u201d custom_button=\u201con\u201d button_text_color=\u201c#283583\u201d button_bg_color=\u201crgba(255,50,50,0)\u201d button_border_color=\u201c#283583\u201d button_icon=\u201d%%28%%\u201d button_on_hover=\u201coff\u201d custom_padding=\u201c1px|36px|1px|12px|true|false\u201d global_module=\u201c1685\u201d saved_tabs=\u201call\u201d button_text_color__hover_enabled=\u201con|hover\u201d button_text_color__hover=\u201d#ffffff\u201d button_bg_color__hover_enabled=\u201con|hover\u201d button_bg_color__hover=\u201c#283583\u201d button_bg_enable_color__hover=\u201con\u201d button_border_color__hover_enabled=\u201con|hover\u201d button_border_color__hover=\u201c#283583\u201d button_border_width__hover_enabled=\u201con|hover\u201d button_border_width__hover=\u201c2px\u201d][\/et_pb_button][\/et_pb_column][\/et_pb_row][\/et_pb_section]<\/p>\n","protected":false},"excerpt":{"rendered":"<p>\u201cWhen I was in extreme distress, unwell and without resources, the Comit\u00e9 du c\u0153ur offered me financial support and guidance. What a tremendous gesture from this committee!\u201d\u2009\u2014\u2009Marie-Paule Belle Mutual aid and support: the Chevalier committeeThe Comit\u00e9 du c\u0153ur has the ability to grant one-off financial support to members in serious difficulty who&nbsp;can&nbsp;[\u2026]<\/p>\n","protected":false},"author":2,"featured_media":0,"parent":0,"menu_order":0,"comment_status":"closed","ping_status":"closed","template":"","meta":{"_et_pb_use_builder":"on","_et_pb_old_content":"","_et_gb_content_width":"","wp_typography_post_enhancements_disabled":false,"footnotes":""},"class_list":["post-12118","page","type-page","status-publish","hentry"],"yoast_head":"<!-- This site is optimized with the Yoast SEO plugin v26.9 - https:\/\/yoast.com\/product\/yoast-seo-wordpress\/ -->\n<title>Mutual aid and support: the Chevalier committee &#8211; Comit\u00e9 du c\u0153ur des soci\u00e9taires Sacem<\/title>\n<meta name=\"robots\" content=\"index, follow, max-snippet:-1, max-image-preview:large, max-video-preview:-1\" \/>\n<link rel=\"canonical\" href=\"https:\/\/comiteducoeur.org\/en\/mutual-aid-and-support-the-chevalier-committee\/\" \/>\n<meta property=\"og:locale\" content=\"en_US\" \/>\n<meta property=\"og:type\" content=\"article\" \/>\n<meta property=\"og:title\" content=\"Mutual aid and support: the Chevalier committee &#8211; Comit\u00e9 du c\u0153ur des soci\u00e9taires Sacem\" \/>\n<meta property=\"og:description\" content=\"\u201cWhen I was in extreme distress, unwell and without resources, the Comit\u00e9 du c\u0153ur offered me financial support and guidance. What a tremendous gesture from this committee!\u201d \u2014 Marie-Paule Belle Mutual aid and support: the Chevalier committeeThe Comit\u00e9 du c\u0153ur has the ability to grant one-off financial support to members in serious difficulty who can [&hellip;]\" \/>\n<meta property=\"og:url\" content=\"https:\/\/comiteducoeur.org\/en\/mutual-aid-and-support-the-chevalier-committee\/\" \/>\n<meta property=\"og:site_name\" content=\"Comit\u00e9 du c\u0153ur des soci\u00e9taires Sacem\" \/>\n<meta property=\"article:modified_time\" content=\"2025-09-25T13:17:44+00:00\" \/>\n<meta name=\"twitter:card\" content=\"summary_large_image\" \/>\n<meta name=\"twitter:label1\" content=\"Est. reading time\" \/>\n\t<meta name=\"twitter:data1\" content=\"7 minutes\" \/>\n<script type=\"application\/ld+json\" class=\"yoast-schema-graph\">{\"@context\":\"https:\/\/schema.org\",\"@graph\":[{\"@type\":\"WebPage\",\"@id\":\"https:\/\/comiteducoeur.org\/en\/mutual-aid-and-support-the-chevalier-committee\/\",\"url\":\"https:\/\/comiteducoeur.org\/en\/mutual-aid-and-support-the-chevalier-committee\/\",\"name\":\"Mutual aid and support: the Chevalier committee &#8211; Comit\u00e9 du c\u0153ur des soci\u00e9taires Sacem\",\"isPartOf\":{\"@id\":\"https:\/\/comiteducoeur.org\/en\/#website\"},\"datePublished\":\"2020-07-16T14:53:58+00:00\",\"dateModified\":\"2025-09-25T13:17:44+00:00\",\"breadcrumb\":{\"@id\":\"https:\/\/comiteducoeur.org\/en\/mutual-aid-and-support-the-chevalier-committee\/#breadcrumb\"},\"inLanguage\":\"en-US\",\"potentialAction\":[{\"@type\":\"ReadAction\",\"target\":[\"https:\/\/comiteducoeur.org\/en\/mutual-aid-and-support-the-chevalier-committee\/\"]}]},{\"@type\":\"BreadcrumbList\",\"@id\":\"https:\/\/comiteducoeur.org\/en\/mutual-aid-and-support-the-chevalier-committee\/#breadcrumb\",\"itemListElement\":[{\"@type\":\"ListItem\",\"position\":1,\"name\":\"Accueil\",\"item\":\"https:\/\/comiteducoeur.org\/en\/\"},{\"@type\":\"ListItem\",\"position\":2,\"name\":\"Mutual aid and support&nbsp;: the Chevalier committee\"}]},{\"@type\":\"WebSite\",\"@id\":\"https:\/\/comiteducoeur.org\/en\/#website\",\"url\":\"https:\/\/comiteducoeur.org\/en\/\",\"name\":\"Comit\u00e9 du c\u0153ur des soci\u00e9taires Sacem\",\"description\":\"Association d\u2019entraide des auteurs et compositeurs membres de la Sacem \u2014 reconnue d&#039;utilit\u00e9 publique depuis 1953\",\"publisher\":{\"@id\":\"https:\/\/comiteducoeur.org\/en\/#organization\"},\"potentialAction\":[{\"@type\":\"SearchAction\",\"target\":{\"@type\":\"EntryPoint\",\"urlTemplate\":\"https:\/\/comiteducoeur.org\/en\/?s={search_term_string}\"},\"query-input\":{\"@type\":\"PropertyValueSpecification\",\"valueRequired\":true,\"valueName\":\"search_term_string\"}}],\"inLanguage\":\"en-US\"},{\"@type\":\"Organization\",\"@id\":\"https:\/\/comiteducoeur.org\/en\/#organization\",\"name\":\"Comit\u00e9 du c\u0153eur\",\"url\":\"https:\/\/comiteducoeur.org\/en\/\",\"logo\":{\"@type\":\"ImageObject\",\"inLanguage\":\"en-US\",\"@id\":\"https:\/\/comiteducoeur.org\/en\/#\/schema\/logo\/image\/\",\"url\":\"\",\"contentUrl\":\"\",\"caption\":\"Comit\u00e9 du c\u0153eur\"},\"image\":{\"@id\":\"https:\/\/comiteducoeur.org\/en\/#\/schema\/logo\/image\/\"}}]}<\/script>\n<!-- \/ Yoast SEO plugin. -->","yoast_head_json":{"title":"Mutual aid and support: the Chevalier committee &#8211; Comit\u00e9 du c\u0153ur des soci\u00e9taires Sacem","robots":{"index":"index","follow":"follow","max-snippet":"max-snippet:-1","max-image-preview":"max-image-preview:large","max-video-preview":"max-video-preview:-1"},"canonical":"https:\/\/comiteducoeur.org\/en\/mutual-aid-and-support-the-chevalier-committee\/","og_locale":"en_US","og_type":"article","og_title":"Mutual aid and support: the Chevalier committee &#8211; Comit\u00e9 du c\u0153ur des soci\u00e9taires Sacem","og_description":"\u201cWhen I was in extreme distress, unwell and without resources, the Comit\u00e9 du c\u0153ur offered me financial support and guidance. What a tremendous gesture from this committee!\u201d \u2014 Marie-Paule Belle Mutual aid and support: the Chevalier committeeThe Comit\u00e9 du c\u0153ur has the ability to grant one-off financial support to members in serious difficulty who can [&hellip;]","og_url":"https:\/\/comiteducoeur.org\/en\/mutual-aid-and-support-the-chevalier-committee\/","og_site_name":"Comit\u00e9 du c\u0153ur des soci\u00e9taires Sacem","article_modified_time":"2025-09-25T13:17:44+00:00","twitter_card":"summary_large_image","twitter_misc":{"Est. reading time":"7 minutes"},"schema":{"@context":"https:\/\/schema.org","@graph":[{"@type":"WebPage","@id":"https:\/\/comiteducoeur.org\/en\/mutual-aid-and-support-the-chevalier-committee\/","url":"https:\/\/comiteducoeur.org\/en\/mutual-aid-and-support-the-chevalier-committee\/","name":"Mutual aid and support: the Chevalier committee &#8211; Comit\u00e9 du c\u0153ur des soci\u00e9taires Sacem","isPartOf":{"@id":"https:\/\/comiteducoeur.org\/en\/#website"},"datePublished":"2020-07-16T14:53:58+00:00","dateModified":"2025-09-25T13:17:44+00:00","breadcrumb":{"@id":"https:\/\/comiteducoeur.org\/en\/mutual-aid-and-support-the-chevalier-committee\/#breadcrumb"},"inLanguage":"en-US","potentialAction":[{"@type":"ReadAction","target":["https:\/\/comiteducoeur.org\/en\/mutual-aid-and-support-the-chevalier-committee\/"]}]},{"@type":"BreadcrumbList","@id":"https:\/\/comiteducoeur.org\/en\/mutual-aid-and-support-the-chevalier-committee\/#breadcrumb","itemListElement":[{"@type":"ListItem","position":1,"name":"Accueil","item":"https:\/\/comiteducoeur.org\/en\/"},{"@type":"ListItem","position":2,"name":"Mutual aid and support&nbsp;: the Chevalier committee"}]},{"@type":"WebSite","@id":"https:\/\/comiteducoeur.org\/en\/#website","url":"https:\/\/comiteducoeur.org\/en\/","name":"Comit\u00e9 du c\u0153ur des soci\u00e9taires Sacem","description":"Association d\u2019entraide des auteurs et compositeurs membres de la Sacem \u2014 reconnue d&#039;utilit\u00e9 publique depuis 1953","publisher":{"@id":"https:\/\/comiteducoeur.org\/en\/#organization"},"potentialAction":[{"@type":"SearchAction","target":{"@type":"EntryPoint","urlTemplate":"https:\/\/comiteducoeur.org\/en\/?s={search_term_string}"},"query-input":{"@type":"PropertyValueSpecification","valueRequired":true,"valueName":"search_term_string"}}],"inLanguage":"en-US"},{"@type":"Organization","@id":"https:\/\/comiteducoeur.org\/en\/#organization","name":"Comit\u00e9 du c\u0153eur","url":"https:\/\/comiteducoeur.org\/en\/","logo":{"@type":"ImageObject","inLanguage":"en-US","@id":"https:\/\/comiteducoeur.org\/en\/#\/schema\/logo\/image\/","url":"","contentUrl":"","caption":"Comit\u00e9 du c\u0153eur"},"image":{"@id":"https:\/\/comiteducoeur.org\/en\/#\/schema\/logo\/image\/"}}]}},"_links":{"self":[{"href":"https:\/\/comiteducoeur.org\/en\/wp-json\/wp\/v2\/pages\/12118","targetHints":{"allow":["GET"]}}],"collection":[{"href":"https:\/\/comiteducoeur.org\/en\/wp-json\/wp\/v2\/pages"}],"about":[{"href":"https:\/\/comiteducoeur.org\/en\/wp-json\/wp\/v2\/types\/page"}],"author":[{"embeddable":true,"href":"https:\/\/comiteducoeur.org\/en\/wp-json\/wp\/v2\/users\/2"}],"replies":[{"embeddable":true,"href":"https:\/\/comiteducoeur.org\/en\/wp-json\/wp\/v2\/comments?post=12118"}],"version-history":[{"count":14,"href":"https:\/\/comiteducoeur.org\/en\/wp-json\/wp\/v2\/pages\/12118\/revisions"}],"predecessor-version":[{"id":12134,"href":"https:\/\/comiteducoeur.org\/en\/wp-json\/wp\/v2\/pages\/12118\/revisions\/12134"}],"wp:attachment":[{"href":"https:\/\/comiteducoeur.org\/en\/wp-json\/wp\/v2\/media?parent=12118"}],"curies":[{"name":"wp","href":"https:\/\/api.w.org\/{rel}","templated":true}]}}