{"id":12135,"date":"2020-07-16T17:27:00","date_gmt":"2020-07-16T15:27:00","guid":{"rendered":"https:\/\/comiteducoeur.org\/solidarity-with-the-elderly\/"},"modified":"2025-09-25T15:27:43","modified_gmt":"2025-09-25T13:27:43","slug":"solidarity-with-the-elderly","status":"publish","type":"page","link":"https:\/\/comiteducoeur.org\/en\/solidarity-with-the-elderly\/","title":{"rendered":"Solidarity with the elderly"},"content":{"rendered":"<p>[et_pb_section fb_built=\u201c1\u201d disabled_on=\u201coff|off|off\u201d admin_label=\u201cBANDEAU IMAGE\u201d module_class=\u201centete\u201d _builder_version=\u201c4.16\u201d background_color=\u201c#e02b20\u201d use_background_color_gradient=\u201con\u201d background_color_gradient_stops=\u201d#E83C3A 4%|rgba(0,0,0,0) 26%\u201d background_color_gradient_overlays_image=\u201con\u201d background_color_gradient_start=\u201d#E83C3A\u201d background_color_gradient_start_position=\u201c4%\u201d background_color_gradient_end=\u201crgba(0,0,0,0)\u201d background_color_gradient_end_position=\u201c26%\u201d background_image=\u201chttps:\/\/comiteducoeur.org\/wp-content\/uploads\/2020\/07\/Salon-de-musique-Maison-nationale-des-artistes-c-Fondation-des-Artistes.jpg\u201d background_position=\u201ctop_right\u201d max_height_tablet=\u201d\u201d max_height_phone=\u201d\u201d max_height_last_edited=\u201con|desktop\u201d custom_margin=\u201c0px||-1px||false|false\u201d custom_margin_tablet=\u201d\u201d custom_margin_phone=\u201c40px||||false|false\u201d custom_margin_last_edited=\u201con|phone\u201d custom_padding=\u201c0px||0px||false|false\u201d background_last_edited=\u201con|phone\u201d background_color_gradient_stops_phone=\u201d#E83C3A 4%|rgba(0,0,0,0) 26%\u201d background_color_gradient_start_position_phone=\u201c4%\u201d background_position_phone=\u201ccenter\u201d global_colors_info=\u201d{}\u201d][et_pb_row _builder_version=\u201c4.16\u201d min_height=\u201c85vh\u201d min_height_tablet=\u201c85vh\u201d min_height_phone=\u201c83vh\u201d min_height_last_edited=\u201con|phone\u201d custom_margin=\u201c0px||0px||true|false\u201d custom_padding=\u201c0px||0px||true|false\u201d module_alignment_tablet=\u201d\u201d module_alignment_phone=\u201d\u201d module_alignment_last_edited=\u201con|tablet\u201d custom_css_main_element=\u201cdisplay: flex;||flex-direction: column;||justify-content: flex-end;||\u201d global_colors_info=\u201d{}\u201d][et_pb_column type=\u201c4_4\u201d _builder_version=\u201c4.16\u201d global_colors_info=\u201d{}\u201d][et_pb_divider color=\u201d#ffffff\u201d divider_weight=\u201c2px\u201d admin_label=\u201cS\u00e9parateur blanc\u201d _builder_version=\u201c4.4.3\u201d width=\u201c50px\u201d module_alignment=\u201cleft\u201d custom_margin=\u201c0px||0px||false|false\u201d custom_padding=\u201c0px||0px||false|false\u201d global_module=\u201c3187\u201d saved_tabs=\u201call\u201d locked=\u201coff\u201d global_colors_info=\u201d{}\u201d][\/et_pb_divider][et_pb_text admin_label=\u201cTITRE\u201d _builder_version=\u201c4.16\u201d header_text_color=\u201d#ffffff\u201d custom_margin=\u201d||0px||false|false\u201d custom_padding=\u201d||0px||false|false\u201d global_colors_info=\u201d{}\u201d]<\/p>\n<h1>Solidarity with the elderly<\/h1>\n<p>[\/et_pb_text][et_pb_blurb use_icon=\u201con\u201d font_icon=\u201c;||divi||400\u201d icon_color=\u201crgba(255,255,255,0.45)\u201d image_icon_width=\u201c34px\u201d admin_label=\u201cFl\u00e8che (ne pas toucher)\u201d module_id=\u201ccontenu\u201d _builder_version=\u201c4.16\u201d custom_margin=\u201c0px||0px||true|false\u201d custom_padding=\u201c0px||0px||true|false\u201d animation_style=\u201cbounce\u201d animation_duration=\u201c3000ms\u201d animation_starting_opacity=\u201c100%\u201d animation_speed_curve=\u201clinear\u201d animation_repeat=\u201cloop\u201d animation=\u201cbottom\u201d link_option_url=\u201d#contenu\u201d icon_font_size=\u201c34px\u201d global_colors_info=\u201d{}\u201d][\/et_pb_blurb][\/et_pb_column][\/et_pb_row][\/et_pb_section][et_pb_section fb_built=\u201c1\u201d specialty=\u201con\u201d admin_label=\u201cContenu\u201d _builder_version=\u201c4.16\u201d custom_margin=\u201c0px||0px||true|false\u201d custom_padding=\u201c30px||0px||false|false\u201d global_colors_info=\u201d{}\u201d][et_pb_column type=\u201c2_3\u201d specialty_columns=\u201c2\u201d _builder_version=\u201c4.16\u201d custom_padding=\u201d|||\u201d global_colors_info=\u201d{}\u201d custom_padding__hover=\u201d|||\u201d][et_pb_row_inner admin_label=\u201ctexte\u201d _builder_version=\u201c4.16\u201d global_colors_info=\u201d{}\u201d][et_pb_column_inner saved_specialty_column_type=\u201c2_3\u201d _builder_version=\u201c4.16\u201d global_colors_info=\u201d{}\u201d][et_pb_divider color=\u201c#E02B20\u201d divider_weight=\u201c2px\u201d disabled_on=\u201coff|off|off\u201d admin_label=\u201cS\u00e9parateur haut rouge\u201d _builder_version=\u201c4.18.0\u201d width=\u201c50px\u201d module_alignment=\u201cleft\u201d custom_margin=\u201c0px||0px||false|false\u201d custom_padding=\u201c0px||0px||false|false\u201d global_module=\u201c1745\u201d saved_tabs=\u201call\u201d locked=\u201coff\u201d global_colors_info=\u201d{}\u201d][\/et_pb_divider][et_pb_text admin_label=\u201cTITRE\u201d _builder_version=\u201c4.16\u201d global_colors_info=\u201d{}\u201d]<\/p>\n<h1>The national artists\u2019 home (La maison nationale des artistes):<br>a place to stay for senior artists<\/h1>\n<p>[\/et_pb_text][et_pb_text admin_label=\u201cTEXTE\u201d _builder_version=\u201c4.16\u201d custom_padding=\u201d||0px|||\u201d global_colors_info=\u201d{}\u201d]<\/p>\n<p>Focused on providing accommodation for elderly authors and composers who are in need, dependent on others, or simply facing loneliness, the Comit\u00e9 du c\u0153ur offers three rooms at the Maison nationale des artistes in Nogent-sur-Marne, a rather unique retirement home steeped in history.<\/p>\n<p>The Maison nationale des artistes, founded in 1945 and located in the town centre, 6&nbsp;km outside Paris, is a care home for the elderly. It was created at the will of painter Madeleine Smith-Champion (1864\u22121940), and her sister Jeanne Smith (1857\u22121943), a photographer, in exchange for the bequest of their 10-hectare wooded estate, which they both wanted to be dedicated to \u201cthe creation of a retirement home for artists and writers\u201d.<\/p>\n<p>This retirement home, accessible regardless of income, has developed its own strategy around the concept of ageing well, supported by a safe artistic environment that allows residents to continue their creative activities. It is administered by the Fondation des Artistes, a recognized charity whose mission is to support visual artists throughout their careers.&nbsp;<\/p>\n<p><a href=\"https:\/\/www.fondationdesartistes.fr\/missions\/accompagner-le-grand-age\/\" target=\"_blank\" rel=\"noopener noreferrer\" title=\"fondation des artistes\">http:\/\/www.fondationdesartistes.fr<\/a><\/p>\n<p>[\/et_pb_text][et_pb_image src=\u201chttps:\/\/comiteducoeur.org\/wp-content\/uploads\/2020\/07\/Maison-nationale-des-artistes-c-Herve-Plumet-Fondation-des-Artistes.jpg\u201d show_in_lightbox=\u201con\u201d _builder_version=\u201c4.16\u201d global_colors_info=\u201d{}\u201d][\/et_pb_image][\/et_pb_column_inner][\/et_pb_row_inner][et_pb_row_inner admin_label=\u201cL\u00e9gende bas\u201d _builder_version=\u201c4.16\u201d global_colors_info=\u201d{}\u201d][et_pb_column_inner saved_specialty_column_type=\u201c2_3\u201d _builder_version=\u201c4.16\u201d global_colors_info=\u201d{}\u201d][et_pb_divider color=\u201c#E02B20\u201d divider_weight=\u201c2px\u201d disabled_on=\u201coff|off|off\u201d admin_label=\u201cS\u00e9parateur haut rouge\u201d _builder_version=\u201c4.18.0\u201d width=\u201c50px\u201d module_alignment=\u201cleft\u201d custom_margin=\u201c0px||0px||false|false\u201d custom_padding=\u201c0px||0px||false|false\u201d global_module=\u201c1745\u201d saved_tabs=\u201call\u201d locked=\u201coff\u201d global_colors_info=\u201d{}\u201d][\/et_pb_divider][et_pb_text admin_label=\u201cl\u00e9gende image\u201d _builder_version=\u201c4.16\u201d global_colors_info=\u201d{}\u201d]<\/p>\n<h6>Photo credits : Music room, Maison nationale des artistes \u00a9 Fondation des Artistes. The Maison nationale des artistes from its grounds \u00a9 Herv\u00e9 Plumet \u2013 Fondation des Artistes.&nbsp;\n<\/h6>\n<p>[\/et_pb_text][\/et_pb_column_inner][\/et_pb_row_inner][\/et_pb_column][et_pb_column type=\u201c1_3\u201d _builder_version=\u201c4.16\u201d custom_padding=\u201d|||\u201d global_colors_info=\u201d{}\u201d custom_padding__hover=\u201d|||\u201d][et_pb_divider color=\u201c#E02B20\u201d divider_weight=\u201c2px\u201d disabled_on=\u201coff|off|off\u201d admin_label=\u201cS\u00e9parateur haut rouge\u201d _builder_version=\u201c4.18.0\u201d width=\u201c50px\u201d module_alignment=\u201cleft\u201d custom_margin=\u201c0px||0px||false|false\u201d custom_padding=\u201c0px||0px||false|false\u201d global_module=\u201c1745\u201d saved_tabs=\u201call\u201d locked=\u201coff\u201d global_colors_info=\u201d{}\u201d][\/et_pb_divider][et_pb_text admin_label=\u201cCITATION\u201d _builder_version=\u201c4.16\u201d header_text_color=\u201c#ff3232\u201d header_3_text_color=\u201c#ff3232\u201d global_colors_info=\u201d{}\u201d]<\/p>\n<blockquote>\n<p>\u201cIt is hardly surprising that the mutual aid association of authors and composers members of Sacem crossed paths with the Fondation des artistes, given the caring attention they show to artists every day. And when it came to supporting the Fondation des Artistes\u2019 investment efforts in its Maison nationale des artistes, a retirement home for elderly creators, the Comit\u00e9 du c\u0153ur responded at once, finding in this partnership an opportunity for shared missions.\u201d<\/p>\n<p>\u2014 Laurence Maynier,<br>director of the Fondation des artistes<\/p>\n<\/blockquote>\n<p>[\/et_pb_text][\/et_pb_column][\/et_pb_section][et_pb_section fb_built=\u201c1\u201d admin_label=\u201cTEMOIGNAGE\u201d _builder_version=\u201c4.16\u201d background_color=\u201c#9FA6E0\u201d background_color_gradient_direction=\u201c288deg\u201d background_image=\u201chttps:\/\/comiteducoeur.org\/wp-content\/uploads\/2020\/07\/MariePauleBelle_Pro_03_AlainDesvernois-e1594893551675.jpg\u201d background_blend=\u201cscreen\u201d custom_margin=\u201c0px||0px||true|false\u201d custom_padding=\u201c30px||60px||false|false\u201d global_colors_info=\u201d{}\u201d][et_pb_row make_equal=\u201con\u201d custom_padding_last_edited=\u201con|phone\u201d _builder_version=\u201c4.16\u201d custom_margin=\u201c0px||0px||false|false\u201d custom_padding=\u201c0px|39%|0px||false|false\u201d custom_padding_tablet=\u201d\u201d custom_padding_phone=\u201d|0%|||false|false\u201d global_colors_info=\u201d{}\u201d][et_pb_column type=\u201c4_4\u201d _builder_version=\u201c4.16\u201d global_colors_info=\u201d{}\u201d][et_pb_text admin_label=\u201cCITATION\u201d module_class=\u201ccitation_bleue\u201d _builder_version=\u201c4.16\u201d header_text_color=\u201c#283583\u201d header_3_text_color=\u201c#283583\u201d global_colors_info=\u201d{}\u201d]<\/p>\n<blockquote>\n<p>\u201cMy first contact with the Comit\u00e9 du C\u0153ur goes back to 2016. That year, Fran\u00e7oise Mallet-Joris, who was my partner, my lyricist and a renowned writer, suffered a stroke and faced significant challenges. She needed to be placed in a nursing home that could provide her with daily&nbsp;care.&nbsp;<\/p>\n<p>La Maison des Artistes, a top-range nursing home, allowed her to enjoy her final days with dignity and surrounded by kindness.<\/p>\n<p>&nbsp;<\/p>\n<p>I am deeply grateful to the Comit\u00e9 du c\u0153ur, whose gentleness, support and generosity were exceptional and highly valued.\u201d<\/p>\n<p>\u2014 Marie-Paule Belle, author &amp; performer<\/p>\n<\/blockquote>\n<p>[\/et_pb_text][\/et_pb_column][\/et_pb_row][\/et_pb_section]<\/p>\n","protected":false},"excerpt":{"rendered":"<p>Solidarity with the elderlyThe national artists\u2019 home (La maison nationale des artistes):a place to stay for senior artistsFocused on providing accommodation for elderly authors and composers who are in need, dependent on others, or simply facing loneliness, the Comit\u00e9 du c\u0153ur offers three rooms at the Maison nationale des artistes in Nogent-sur-Marne, a rather unique&nbsp;[\u2026]<\/p>\n","protected":false},"author":2,"featured_media":0,"parent":0,"menu_order":0,"comment_status":"closed","ping_status":"closed","template":"","meta":{"_et_pb_use_builder":"on","_et_pb_old_content":"","_et_gb_content_width":"","wp_typography_post_enhancements_disabled":false,"footnotes":""},"class_list":["post-12135","page","type-page","status-publish","hentry"],"yoast_head":"<!-- This site is optimized with the Yoast SEO plugin v26.9 - https:\/\/yoast.com\/product\/yoast-seo-wordpress\/ -->\n<title>Solidarity with the elderly &#8211; Comit\u00e9 du c\u0153ur des soci\u00e9taires Sacem<\/title>\n<meta name=\"robots\" content=\"index, follow, max-snippet:-1, max-image-preview:large, max-video-preview:-1\" \/>\n<link rel=\"canonical\" href=\"https:\/\/comiteducoeur.org\/en\/solidarity-with-the-elderly\/\" \/>\n<meta property=\"og:locale\" content=\"en_US\" \/>\n<meta property=\"og:type\" content=\"article\" \/>\n<meta property=\"og:title\" content=\"Solidarity with the elderly &#8211; Comit\u00e9 du c\u0153ur des soci\u00e9taires Sacem\" \/>\n<meta property=\"og:description\" content=\"Solidarity with the elderlyThe national artists\u2019 home (La maison nationale des artistes):a place to stay for senior artistsFocused on providing accommodation for elderly authors and composers who are in need, dependent on others, or simply facing loneliness, the Comit\u00e9 du c\u0153ur offers three rooms at the Maison nationale des artistes in Nogent-sur-Marne, a rather unique [&hellip;]\" \/>\n<meta property=\"og:url\" content=\"https:\/\/comiteducoeur.org\/en\/solidarity-with-the-elderly\/\" \/>\n<meta property=\"og:site_name\" content=\"Comit\u00e9 du c\u0153ur des soci\u00e9taires Sacem\" \/>\n<meta property=\"article:modified_time\" content=\"2025-09-25T13:27:43+00:00\" \/>\n<meta name=\"twitter:card\" content=\"summary_large_image\" \/>\n<meta name=\"twitter:label1\" content=\"Est. reading time\" \/>\n\t<meta name=\"twitter:data1\" content=\"6 minutes\" \/>\n<script type=\"application\/ld+json\" class=\"yoast-schema-graph\">{\"@context\":\"https:\/\/schema.org\",\"@graph\":[{\"@type\":\"WebPage\",\"@id\":\"https:\/\/comiteducoeur.org\/en\/solidarity-with-the-elderly\/\",\"url\":\"https:\/\/comiteducoeur.org\/en\/solidarity-with-the-elderly\/\",\"name\":\"Solidarity with the elderly &#8211; Comit\u00e9 du c\u0153ur des soci\u00e9taires Sacem\",\"isPartOf\":{\"@id\":\"https:\/\/comiteducoeur.org\/en\/#website\"},\"datePublished\":\"2020-07-16T15:27:00+00:00\",\"dateModified\":\"2025-09-25T13:27:43+00:00\",\"breadcrumb\":{\"@id\":\"https:\/\/comiteducoeur.org\/en\/solidarity-with-the-elderly\/#breadcrumb\"},\"inLanguage\":\"en-US\",\"potentialAction\":[{\"@type\":\"ReadAction\",\"target\":[\"https:\/\/comiteducoeur.org\/en\/solidarity-with-the-elderly\/\"]}]},{\"@type\":\"BreadcrumbList\",\"@id\":\"https:\/\/comiteducoeur.org\/en\/solidarity-with-the-elderly\/#breadcrumb\",\"itemListElement\":[{\"@type\":\"ListItem\",\"position\":1,\"name\":\"Accueil\",\"item\":\"https:\/\/comiteducoeur.org\/en\/\"},{\"@type\":\"ListItem\",\"position\":2,\"name\":\"Solidarity with the elderly\"}]},{\"@type\":\"WebSite\",\"@id\":\"https:\/\/comiteducoeur.org\/en\/#website\",\"url\":\"https:\/\/comiteducoeur.org\/en\/\",\"name\":\"Comit\u00e9 du c\u0153ur des soci\u00e9taires Sacem\",\"description\":\"Association d\u2019entraide des auteurs et compositeurs membres de la Sacem \u2014 reconnue d&#039;utilit\u00e9 publique depuis 1953\",\"publisher\":{\"@id\":\"https:\/\/comiteducoeur.org\/en\/#organization\"},\"potentialAction\":[{\"@type\":\"SearchAction\",\"target\":{\"@type\":\"EntryPoint\",\"urlTemplate\":\"https:\/\/comiteducoeur.org\/en\/?s={search_term_string}\"},\"query-input\":{\"@type\":\"PropertyValueSpecification\",\"valueRequired\":true,\"valueName\":\"search_term_string\"}}],\"inLanguage\":\"en-US\"},{\"@type\":\"Organization\",\"@id\":\"https:\/\/comiteducoeur.org\/en\/#organization\",\"name\":\"Comit\u00e9 du c\u0153eur\",\"url\":\"https:\/\/comiteducoeur.org\/en\/\",\"logo\":{\"@type\":\"ImageObject\",\"inLanguage\":\"en-US\",\"@id\":\"https:\/\/comiteducoeur.org\/en\/#\/schema\/logo\/image\/\",\"url\":\"\",\"contentUrl\":\"\",\"caption\":\"Comit\u00e9 du c\u0153eur\"},\"image\":{\"@id\":\"https:\/\/comiteducoeur.org\/en\/#\/schema\/logo\/image\/\"}}]}<\/script>\n<!-- \/ Yoast SEO plugin. -->","yoast_head_json":{"title":"Solidarity with the elderly &#8211; Comit\u00e9 du c\u0153ur des soci\u00e9taires Sacem","robots":{"index":"index","follow":"follow","max-snippet":"max-snippet:-1","max-image-preview":"max-image-preview:large","max-video-preview":"max-video-preview:-1"},"canonical":"https:\/\/comiteducoeur.org\/en\/solidarity-with-the-elderly\/","og_locale":"en_US","og_type":"article","og_title":"Solidarity with the elderly &#8211; Comit\u00e9 du c\u0153ur des soci\u00e9taires Sacem","og_description":"Solidarity with the elderlyThe national artists\u2019 home (La maison nationale des artistes):a place to stay for senior artistsFocused on providing accommodation for elderly authors and composers who are in need, dependent on others, or simply facing loneliness, the Comit\u00e9 du c\u0153ur offers three rooms at the Maison nationale des artistes in Nogent-sur-Marne, a rather unique [&hellip;]","og_url":"https:\/\/comiteducoeur.org\/en\/solidarity-with-the-elderly\/","og_site_name":"Comit\u00e9 du c\u0153ur des soci\u00e9taires Sacem","article_modified_time":"2025-09-25T13:27:43+00:00","twitter_card":"summary_large_image","twitter_misc":{"Est. reading time":"6 minutes"},"schema":{"@context":"https:\/\/schema.org","@graph":[{"@type":"WebPage","@id":"https:\/\/comiteducoeur.org\/en\/solidarity-with-the-elderly\/","url":"https:\/\/comiteducoeur.org\/en\/solidarity-with-the-elderly\/","name":"Solidarity with the elderly &#8211; Comit\u00e9 du c\u0153ur des soci\u00e9taires Sacem","isPartOf":{"@id":"https:\/\/comiteducoeur.org\/en\/#website"},"datePublished":"2020-07-16T15:27:00+00:00","dateModified":"2025-09-25T13:27:43+00:00","breadcrumb":{"@id":"https:\/\/comiteducoeur.org\/en\/solidarity-with-the-elderly\/#breadcrumb"},"inLanguage":"en-US","potentialAction":[{"@type":"ReadAction","target":["https:\/\/comiteducoeur.org\/en\/solidarity-with-the-elderly\/"]}]},{"@type":"BreadcrumbList","@id":"https:\/\/comiteducoeur.org\/en\/solidarity-with-the-elderly\/#breadcrumb","itemListElement":[{"@type":"ListItem","position":1,"name":"Accueil","item":"https:\/\/comiteducoeur.org\/en\/"},{"@type":"ListItem","position":2,"name":"Solidarity with the elderly"}]},{"@type":"WebSite","@id":"https:\/\/comiteducoeur.org\/en\/#website","url":"https:\/\/comiteducoeur.org\/en\/","name":"Comit\u00e9 du c\u0153ur des soci\u00e9taires Sacem","description":"Association d\u2019entraide des auteurs et compositeurs membres de la Sacem \u2014 reconnue d&#039;utilit\u00e9 publique depuis 1953","publisher":{"@id":"https:\/\/comiteducoeur.org\/en\/#organization"},"potentialAction":[{"@type":"SearchAction","target":{"@type":"EntryPoint","urlTemplate":"https:\/\/comiteducoeur.org\/en\/?s={search_term_string}"},"query-input":{"@type":"PropertyValueSpecification","valueRequired":true,"valueName":"search_term_string"}}],"inLanguage":"en-US"},{"@type":"Organization","@id":"https:\/\/comiteducoeur.org\/en\/#organization","name":"Comit\u00e9 du c\u0153eur","url":"https:\/\/comiteducoeur.org\/en\/","logo":{"@type":"ImageObject","inLanguage":"en-US","@id":"https:\/\/comiteducoeur.org\/en\/#\/schema\/logo\/image\/","url":"","contentUrl":"","caption":"Comit\u00e9 du c\u0153eur"},"image":{"@id":"https:\/\/comiteducoeur.org\/en\/#\/schema\/logo\/image\/"}}]}},"_links":{"self":[{"href":"https:\/\/comiteducoeur.org\/en\/wp-json\/wp\/v2\/pages\/12135","targetHints":{"allow":["GET"]}}],"collection":[{"href":"https:\/\/comiteducoeur.org\/en\/wp-json\/wp\/v2\/pages"}],"about":[{"href":"https:\/\/comiteducoeur.org\/en\/wp-json\/wp\/v2\/types\/page"}],"author":[{"embeddable":true,"href":"https:\/\/comiteducoeur.org\/en\/wp-json\/wp\/v2\/users\/2"}],"replies":[{"embeddable":true,"href":"https:\/\/comiteducoeur.org\/en\/wp-json\/wp\/v2\/comments?post=12135"}],"version-history":[{"count":2,"href":"https:\/\/comiteducoeur.org\/en\/wp-json\/wp\/v2\/pages\/12135\/revisions"}],"predecessor-version":[{"id":12138,"href":"https:\/\/comiteducoeur.org\/en\/wp-json\/wp\/v2\/pages\/12135\/revisions\/12138"}],"wp:attachment":[{"href":"https:\/\/comiteducoeur.org\/en\/wp-json\/wp\/v2\/media?parent=12135"}],"curies":[{"name":"wp","href":"https:\/\/api.w.org\/{rel}","templated":true}]}}