{"id":12260,"date":"2020-06-22T12:04:07","date_gmt":"2020-06-22T10:04:07","guid":{"rendered":"https:\/\/comiteducoeur.org\/musique-sante-music-health\/"},"modified":"2025-09-26T07:39:21","modified_gmt":"2025-09-26T05:39:21","slug":"musique-sante-music-health","status":"publish","type":"page","link":"https:\/\/comiteducoeur.org\/en\/musique-sante-music-health\/","title":{"rendered":"Musique &amp; sant\u00e9 (Music &amp; health)"},"content":{"rendered":"<p>[et_pb_section fb_built=\u201c1\u201d disabled_on=\u201coff|off|off\u201d admin_label=\u201cBANDEAU IMAGE\u201d module_class=\u201centete\u201d _builder_version=\u201c4.16\u201d background_color=\u201c#e02b20\u201d use_background_color_gradient=\u201con\u201d background_color_gradient_stops=\u201d#E83C3A 4%|rgba(0,0,0,0) 26%\u201d background_color_gradient_overlays_image=\u201con\u201d background_color_gradient_start=\u201d#E83C3A\u201d background_color_gradient_start_position=\u201c4%\u201d background_color_gradient_end=\u201crgba(0,0,0,0)\u201d background_color_gradient_end_position=\u201c26%\u201d background_image=\u201chttps:\/\/comiteducoeur.org\/wp-content\/uploads\/2020\/06\/Musique-Sante-01.jpg\u201d max_height_tablet=\u201d\u201d max_height_phone=\u201d\u201d max_height_last_edited=\u201con|desktop\u201d custom_margin=\u201c0px||-1px||false|false\u201d custom_margin_tablet=\u201d\u201d custom_margin_phone=\u201c40px||||false|false\u201d custom_margin_last_edited=\u201con|phone\u201d custom_padding=\u201c0px||0px||false|false\u201d background_last_edited=\u201con|phone\u201d background_color_gradient_stops_phone=\u201d#E83C3A 4%|rgba(0,0,0,0) 26%\u201d background_color_gradient_start_position_phone=\u201c4%\u201d background_position_phone=\u201ccenter\u201d global_colors_info=\u201d{}\u201d][et_pb_row _builder_version=\u201c4.16\u201d min_height=\u201c85vh\u201d min_height_tablet=\u201c85vh\u201d min_height_phone=\u201c83vh\u201d min_height_last_edited=\u201con|phone\u201d custom_margin=\u201c0px||0px||true|false\u201d custom_padding=\u201c0px||0px||true|false\u201d module_alignment_tablet=\u201d\u201d module_alignment_phone=\u201d\u201d module_alignment_last_edited=\u201con|tablet\u201d custom_css_main_element=\u201cdisplay: flex;||flex-direction: column;||justify-content: flex-end;||\u201d global_colors_info=\u201d{}\u201d][et_pb_column type=\u201c4_4\u201d _builder_version=\u201c4.16\u201d global_colors_info=\u201d{}\u201d][et_pb_divider color=\u201d#ffffff\u201d divider_weight=\u201c2px\u201d admin_label=\u201cS\u00e9parateur blanc\u201d _builder_version=\u201c4.4.3\u201d width=\u201c50px\u201d module_alignment=\u201cleft\u201d custom_margin=\u201c0px||0px||false|false\u201d custom_padding=\u201c0px||0px||false|false\u201d global_module=\u201c3187\u201d saved_tabs=\u201call\u201d locked=\u201coff\u201d global_colors_info=\u201d{}\u201d][\/et_pb_divider][et_pb_text admin_label=\u201cTITRE\u201d _builder_version=\u201c4.16\u201d header_text_color=\u201d#ffffff\u201d custom_margin=\u201d||0px||false|false\u201d custom_padding=\u201d||0px||false|false\u201d global_colors_info=\u201d{}\u201d]<\/p>\n<h1>Musique &amp; sant\u00e9 (Music &amp; health)<\/h1>\n<p>[\/et_pb_text][et_pb_blurb use_icon=\u201con\u201d font_icon=\u201c;||divi||400\u201d icon_color=\u201crgba(255,255,255,0.45)\u201d image_icon_width=\u201c34px\u201d admin_label=\u201cFl\u00e8che (ne pas toucher)\u201d module_id=\u201ccontenu\u201d _builder_version=\u201c4.16\u201d custom_margin=\u201c0px||0px||true|false\u201d custom_padding=\u201c0px||0px||true|false\u201d animation_style=\u201cbounce\u201d animation_duration=\u201c3000ms\u201d animation_starting_opacity=\u201c100%\u201d animation_speed_curve=\u201clinear\u201d animation_repeat=\u201cloop\u201d animation=\u201cbottom\u201d link_option_url=\u201d#contenu\u201d icon_font_size=\u201c34px\u201d global_colors_info=\u201d{}\u201d][\/et_pb_blurb][\/et_pb_column][\/et_pb_row][\/et_pb_section][et_pb_section fb_built=\u201c1\u201d make_equal=\u201con\u201d use_custom_gutter=\u201con\u201d gutter_width=\u201c4\u201d specialty=\u201con\u201d admin_label=\u201cContenu\u201d _builder_version=\u201c4.16\u201d width=\u201c100%\u201d max_width=\u201c100%\u201d custom_margin=\u201c0px||0px||true|false\u201d custom_padding=\u201c30px||0px||false|false\u201d global_colors_info=\u201d{}\u201d][et_pb_column type=\u201c2_3\u201d specialty_columns=\u201c2\u201d _builder_version=\u201c4.16\u201d custom_padding=\u201d|||\u201d global_colors_info=\u201d{}\u201d custom_padding__hover=\u201d|||\u201d][et_pb_row_inner admin_label=\u201ctexte\u201d _builder_version=\u201c4.16\u201d global_colors_info=\u201d{}\u201d][et_pb_column_inner saved_specialty_column_type=\u201c2_3\u201d _builder_version=\u201c4.16\u201d global_colors_info=\u201d{}\u201d][et_pb_divider color=\u201c#E02B20\u201d divider_weight=\u201c2px\u201d disabled_on=\u201coff|off|off\u201d admin_label=\u201cS\u00e9parateur haut rouge\u201d _builder_version=\u201c4.23\u201d width=\u201c50px\u201d module_alignment=\u201cleft\u201d custom_margin=\u201c0px||0px||false|false\u201d custom_padding=\u201c0px||0px||false|false\u201d global_module=\u201c1745\u201d saved_tabs=\u201call\u201d locked=\u201coff\u201d global_colors_info=\u201d{}\u201d][\/et_pb_divider][et_pb_text admin_label=\u201cTEXTE\u201d _builder_version=\u201c4.16\u201d custom_padding=\u201d||0px|||\u201d global_colors_info=\u201d{}\u201d]<\/p>\n<p>The Musique &amp; Sant\u00e9 association, founded in 1998, works to promote and spread live music in hospitals and care facilities for people with disabilities.<\/p>\n<p>Through the contribution of artists, healthcare facilities become places of culture and can offer unique opportunities to engage with artistic creation. These shared moments with the patient, his family, carers and musicians are windows to the outside world, creating new forums for expression and communication during hospital stays.&nbsp;<\/p>\n<p>The Musique &amp; Sant\u00e9 association has been mandated by the Direction g\u00e9n\u00e9rale de la cr\u00e9ation artistique (General Department for Artistic Creation) of the French Ministry of Culture to develop initiatives, training programmes and research at national and international level on the topic of culture in hospitals.<\/p>\n<p><a href=\"http:\/\/www.musique-sante.org\/\" target=\"_blank\" rel=\"noopener noreferrer\" title=\"Jeune Talents website\">www.musique-sante.org<\/a><\/p>\n<p>[\/et_pb_text][et_pb_image src=\u201chttps:\/\/comiteducoeur.org\/wp-content\/uploads\/2020\/06\/logo-musique-sante.png\u201d url=\u201chttp:\/\/www.musique-sante.org\/\u201d url_new_window=\u201con\u201d admin_label=\u201cLOGO\u201d _builder_version=\u201c4.16\u201d width=\u201c50%\u201d max_width=\u201c100%\u201d custom_margin=\u201d||||false|false\u201d custom_padding=\u201d||||false|false\u201d global_colors_info=\u201d{}\u201d transform_styles__hover_enabled=\u201con|hover\u201d transform_scale__hover_enabled=\u201con|hover\u201d transform_translate__hover_enabled=\u201con|desktop\u201d transform_rotate__hover_enabled=\u201con|desktop\u201d transform_skew__hover_enabled=\u201con|desktop\u201d transform_origin__hover_enabled=\u201con|desktop\u201d transform_scale__hover=\u201c95%|95%\u201d][\/et_pb_image][\/et_pb_column_inner][\/et_pb_row_inner][et_pb_row_inner admin_label=\u201cL\u00e9gende bas\u201d _builder_version=\u201c4.16\u201d global_colors_info=\u201d{}\u201d][et_pb_column_inner saved_specialty_column_type=\u201c2_3\u201d _builder_version=\u201c4.16\u201d global_colors_info=\u201d{}\u201d][et_pb_divider color=\u201c#E02B20\u201d divider_weight=\u201c2px\u201d disabled_on=\u201coff|off|off\u201d admin_label=\u201cS\u00e9parateur haut rouge\u201d _builder_version=\u201c4.23\u201d width=\u201c50px\u201d module_alignment=\u201cleft\u201d custom_margin=\u201c0px||0px||false|false\u201d custom_padding=\u201c0px||0px||false|false\u201d global_module=\u201c1745\u201d saved_tabs=\u201call\u201d locked=\u201coff\u201d global_colors_info=\u201d{}\u201d][\/et_pb_divider][et_pb_text admin_label=\u201cl\u00e9gende image\u201d _builder_version=\u201c4.16\u201d global_colors_info=\u201d{}\u201d]<\/p>\n<h6>Photo credits : Musique &amp;&nbsp;Sant\u00e9.<\/h6>\n<p>[\/et_pb_text][\/et_pb_column_inner][\/et_pb_row_inner][\/et_pb_column][et_pb_column type=\u201c1_3\u201d _builder_version=\u201c4.16\u201d custom_padding=\u201d|||\u201d global_colors_info=\u201d{}\u201d custom_padding__hover=\u201d|||\u201d][et_pb_divider color=\u201c#E02B20\u201d divider_weight=\u201c2px\u201d disabled_on=\u201coff|off|off\u201d admin_label=\u201cS\u00e9parateur haut rouge\u201d _builder_version=\u201c4.23\u201d width=\u201c50px\u201d module_alignment=\u201cleft\u201d custom_margin=\u201c0px||0px||false|false\u201d custom_padding=\u201c0px||0px||false|false\u201d global_module=\u201c1745\u201d saved_tabs=\u201call\u201d locked=\u201coff\u201d global_colors_info=\u201d{}\u201d][\/et_pb_divider][et_pb_text admin_label=\u201cCITATION\u201d _builder_version=\u201c4.25.0\u201d header_text_color=\u201c#ff3232\u201d header_3_text_color=\u201c#ff3232\u201d hover_enabled=\u201c0\u201d global_colors_info=\u201d{}\u201d sticky_enabled=\u201c0\u201d]<\/p>\n<blockquote>\n<p> \u201cFor several years, Sacem\u2019s Comit\u00e9 du c\u0153ur has been supporting the Musique &amp; Sant\u00e9 association in its healthcare-related activities. Musical performances for children hospitalised in oncology and haematology wards, workshops with autistic teenagers, artistic residencies, and music at the elderly bedside in geriatric wards: this partnership with the Comit\u00e9 brings live music to these vulnerable audiences, who are often cut off from culture.\u201d<\/p>\n<p>\u2014 Philippe Bouteloup,<br>director of Musique &amp;&nbsp;Sant\u00e9<\/p>\n<\/blockquote>\n<p>[\/et_pb_text][\/et_pb_column][\/et_pb_section][et_pb_section fb_built=\u201c1\u201d admin_label=\u201cSection Don\u201d _builder_version=\u201c4.16\u201d background_color=\u201d#ff974c\u201d background_image=\u201chttps:\/\/comiteducoeur.org\/wp-content\/uploads\/2020\/06\/motif_orange.png\u201d background_size=\u201cinitial\u201d background_repeat=\u201crepeat\u201d custom_margin=\u201c0px||0px||true|false\u201d custom_padding=\u201c30px||80px||false|false\u201d global_colors_info=\u201d{}\u201d][et_pb_row admin_label=\u201cEnsemble DON\u201d _builder_version=\u201c4.4.3\u201d width=\u201c50%\u201d width_tablet=\u201c80%\u201d width_phone=\u201c85%\u201d width_last_edited=\u201con|phone\u201d custom_margin=\u201c0px||0px||true|false\u201d custom_padding=\u201c0px||0px||true|false\u201d global_module=\u201c3017\u201d saved_tabs=\u201call\u201d global_colors_info=\u201d{}\u201d][et_pb_column type=\u201c4_4\u201d _builder_version=\u201c4.16\u201d global_colors_info=\u201d{}\u201d][et_pb_blurb image=\u201chttps:\/\/comiteducoeur.org\/wp-content\/uploads\/2020\/05\/icon-clic-coeur.png\u201d image_icon_width=\u201c44%\u201d admin_label=\u201cLogo\u201d _builder_version=\u201c4.16\u201d custom_margin=\u201c0px||0px||true|false\u201d custom_padding=\u201c0px||0px||true|false\u201d border_color_all_image=\u201c#ff3232\u201d image_max_width=\u201c44%\u201d global_colors_info=\u201d{}\u201d][\/et_pb_blurb][et_pb_text admin_label=\u201cAccroche\u201d _builder_version=\u201c4.16\u201d header_2_text_color=\u201d#ffffff\u201d text_orientation=\u201ccenter\u201d custom_margin=\u201c0px||||false|false\u201d custom_padding=\u201c0px||||false|false\u201d global_colors_info=\u201d{}\u201d]<\/p>\n<h2>Being a donor, an invaluable help<\/h2>\n<p>[\/et_pb_text][et_pb_text _builder_version=\u201c4.16\u201d text_font=\u201d||on||||||\u201d text_text_color=\u201d#ffffff\u201d header_3_text_color=\u201d#ffffff\u201d header_5_text_color=\u201d#ffffff\u201d text_orientation=\u201ccenter\u201d custom_padding=\u201d||20px||false|false\u201d global_colors_info=\u201d{}\u201d]<\/p>\n<h3>Author, composer, publisher, individual, company,<br>you can make a one-off or<br>regular donation to the Comit\u00e9 du&nbsp;c\u0153ur!<\/h3>\n<h3>The association is registered as a charity,<br>your donations are tax-deductible<br>and you will receive a tax receipt.<\/h3>\n<p>[\/et_pb_text][et_pb_button button_url=\u201chttps:\/\/soutenir.comiteducoeur.org\/\u201d url_new_window=\u201con\u201d button_text=\u201cMake a donation\u201d button_alignment=\u201ccenter\u201d admin_label=\u201cbouton  DON\u201d _builder_version=\u201c4.16\u201d custom_button=\u201con\u201d button_text_color=\u201d#E83C3A\u201d button_bg_color=\u201d#ffffff\u201d button_border_color=\u201d#E83C3A\u201d button_icon=\u201c=||divi||400\u201d button_icon_color=\u201d#E83C3A\u201d button_on_hover=\u201coff\u201d custom_padding=\u201c1px|36px|1px|12px|true|false\u201d global_colors_info=\u201d{}\u201d button_text_color__hover_enabled=\u201con|desktop\u201d button_text_color__hover=\u201d#ffffff\u201d button_bg_color__hover_enabled=\u201con|hover\u201d button_bg_color__hover=\u201c#ff3232\u201d button_bg_enable_color__hover=\u201con\u201d button_border_width__hover_enabled=\u201con|desktop\u201d button_border_width__hover=\u201c2px\u201d button_border_color__hover_enabled=\u201con|desktop\u201d button_icon_color__hover_enabled=\u201con|desktop\u201d button_icon_color__hover=\u201d#ffffff\u201d button_border_color__hover=\u201d#E83C3A\u201d][\/et_pb_button][\/et_pb_column][\/et_pb_row][\/et_pb_section]<\/p>\n","protected":false},"excerpt":{"rendered":"<p>Musique &amp; sant\u00e9 (Music &amp; health)The Musique &amp; Sant\u00e9 association, founded in 1998, works to promote and spread live music in hospitals and care facilities for people with disabilities. Through the contribution of artists, healthcare facilities become places of culture and can offer unique opportunities to engage with artistic creation. These shared moments with&nbsp;the&nbsp;[\u2026]<\/p>\n","protected":false},"author":2,"featured_media":12261,"parent":0,"menu_order":0,"comment_status":"closed","ping_status":"closed","template":"","meta":{"_et_pb_use_builder":"on","_et_pb_old_content":"","_et_gb_content_width":"","wp_typography_post_enhancements_disabled":false,"footnotes":""},"class_list":["post-12260","page","type-page","status-publish","has-post-thumbnail","hentry"],"yoast_head":"<!-- This site is optimized with the Yoast SEO plugin v26.9 - https:\/\/yoast.com\/product\/yoast-seo-wordpress\/ -->\n<title>Musique &amp; sant\u00e9 (Music &amp; health) &#8211; Comit\u00e9 du c\u0153ur des soci\u00e9taires Sacem<\/title>\n<meta name=\"robots\" content=\"index, follow, max-snippet:-1, max-image-preview:large, max-video-preview:-1\" \/>\n<link rel=\"canonical\" href=\"https:\/\/comiteducoeur.org\/en\/musique-sante-music-health\/\" \/>\n<meta property=\"og:locale\" content=\"en_US\" \/>\n<meta property=\"og:type\" content=\"article\" \/>\n<meta property=\"og:title\" content=\"Musique &amp; sant\u00e9 (Music &amp; health) &#8211; Comit\u00e9 du c\u0153ur des soci\u00e9taires Sacem\" \/>\n<meta property=\"og:description\" content=\"Musique &amp; sant\u00e9 (Music &amp; health)The Musique &amp; Sant\u00e9 association, founded in 1998, works to promote and spread live music in hospitals and care facilities for people with disabilities. Through the contribution of artists, healthcare facilities become places of culture and can offer unique opportunities to engage with artistic creation. These shared moments with the [&hellip;]\" \/>\n<meta property=\"og:url\" content=\"https:\/\/comiteducoeur.org\/en\/musique-sante-music-health\/\" \/>\n<meta property=\"og:site_name\" content=\"Comit\u00e9 du c\u0153ur des soci\u00e9taires Sacem\" \/>\n<meta property=\"article:modified_time\" content=\"2025-09-26T05:39:21+00:00\" \/>\n<meta property=\"og:image\" content=\"https:\/\/comiteducoeur.org\/wp-content\/uploads\/2020\/06\/Musique-Sante-rub.jpg\" \/>\n\t<meta property=\"og:image:width\" content=\"2000\" \/>\n\t<meta property=\"og:image:height\" content=\"1500\" \/>\n\t<meta property=\"og:image:type\" content=\"image\/jpeg\" \/>\n<meta name=\"twitter:card\" content=\"summary_large_image\" \/>\n<meta name=\"twitter:label1\" content=\"Est. reading time\" \/>\n\t<meta name=\"twitter:data1\" content=\"7 minutes\" \/>\n<script type=\"application\/ld+json\" class=\"yoast-schema-graph\">{\"@context\":\"https:\/\/schema.org\",\"@graph\":[{\"@type\":\"WebPage\",\"@id\":\"https:\/\/comiteducoeur.org\/en\/musique-sante-music-health\/\",\"url\":\"https:\/\/comiteducoeur.org\/en\/musique-sante-music-health\/\",\"name\":\"Musique &amp; sant\u00e9 (Music &amp; health) &#8211; Comit\u00e9 du c\u0153ur des soci\u00e9taires Sacem\",\"isPartOf\":{\"@id\":\"https:\/\/comiteducoeur.org\/en\/#website\"},\"primaryImageOfPage\":{\"@id\":\"https:\/\/comiteducoeur.org\/en\/musique-sante-music-health\/#primaryimage\"},\"image\":{\"@id\":\"https:\/\/comiteducoeur.org\/en\/musique-sante-music-health\/#primaryimage\"},\"thumbnailUrl\":\"https:\/\/comiteducoeur.org\/wp-content\/uploads\/2020\/06\/Musique-Sante-rub.jpg\",\"datePublished\":\"2020-06-22T10:04:07+00:00\",\"dateModified\":\"2025-09-26T05:39:21+00:00\",\"breadcrumb\":{\"@id\":\"https:\/\/comiteducoeur.org\/en\/musique-sante-music-health\/#breadcrumb\"},\"inLanguage\":\"en-US\",\"potentialAction\":[{\"@type\":\"ReadAction\",\"target\":[\"https:\/\/comiteducoeur.org\/en\/musique-sante-music-health\/\"]}]},{\"@type\":\"ImageObject\",\"inLanguage\":\"en-US\",\"@id\":\"https:\/\/comiteducoeur.org\/en\/musique-sante-music-health\/#primaryimage\",\"url\":\"https:\/\/comiteducoeur.org\/wp-content\/uploads\/2020\/06\/Musique-Sante-rub.jpg\",\"contentUrl\":\"https:\/\/comiteducoeur.org\/wp-content\/uploads\/2020\/06\/Musique-Sante-rub.jpg\",\"width\":2000,\"height\":1500},{\"@type\":\"BreadcrumbList\",\"@id\":\"https:\/\/comiteducoeur.org\/en\/musique-sante-music-health\/#breadcrumb\",\"itemListElement\":[{\"@type\":\"ListItem\",\"position\":1,\"name\":\"Accueil\",\"item\":\"https:\/\/comiteducoeur.org\/en\/\"},{\"@type\":\"ListItem\",\"position\":2,\"name\":\"Musique &amp; sant\u00e9 (Music &amp; health)\"}]},{\"@type\":\"WebSite\",\"@id\":\"https:\/\/comiteducoeur.org\/en\/#website\",\"url\":\"https:\/\/comiteducoeur.org\/en\/\",\"name\":\"Comit\u00e9 du c\u0153ur des soci\u00e9taires Sacem\",\"description\":\"Association d\u2019entraide des auteurs et compositeurs membres de la Sacem \u2014 reconnue d&#039;utilit\u00e9 publique depuis 1953\",\"publisher\":{\"@id\":\"https:\/\/comiteducoeur.org\/en\/#organization\"},\"potentialAction\":[{\"@type\":\"SearchAction\",\"target\":{\"@type\":\"EntryPoint\",\"urlTemplate\":\"https:\/\/comiteducoeur.org\/en\/?s={search_term_string}\"},\"query-input\":{\"@type\":\"PropertyValueSpecification\",\"valueRequired\":true,\"valueName\":\"search_term_string\"}}],\"inLanguage\":\"en-US\"},{\"@type\":\"Organization\",\"@id\":\"https:\/\/comiteducoeur.org\/en\/#organization\",\"name\":\"Comit\u00e9 du c\u0153eur\",\"url\":\"https:\/\/comiteducoeur.org\/en\/\",\"logo\":{\"@type\":\"ImageObject\",\"inLanguage\":\"en-US\",\"@id\":\"https:\/\/comiteducoeur.org\/en\/#\/schema\/logo\/image\/\",\"url\":\"\",\"contentUrl\":\"\",\"caption\":\"Comit\u00e9 du c\u0153eur\"},\"image\":{\"@id\":\"https:\/\/comiteducoeur.org\/en\/#\/schema\/logo\/image\/\"}}]}<\/script>\n<!-- \/ Yoast SEO plugin. -->","yoast_head_json":{"title":"Musique &amp; sant\u00e9 (Music &amp; health) &#8211; Comit\u00e9 du c\u0153ur des soci\u00e9taires Sacem","robots":{"index":"index","follow":"follow","max-snippet":"max-snippet:-1","max-image-preview":"max-image-preview:large","max-video-preview":"max-video-preview:-1"},"canonical":"https:\/\/comiteducoeur.org\/en\/musique-sante-music-health\/","og_locale":"en_US","og_type":"article","og_title":"Musique &amp; sant\u00e9 (Music &amp; health) &#8211; Comit\u00e9 du c\u0153ur des soci\u00e9taires Sacem","og_description":"Musique &amp; sant\u00e9 (Music &amp; health)The Musique &amp; Sant\u00e9 association, founded in 1998, works to promote and spread live music in hospitals and care facilities for people with disabilities. Through the contribution of artists, healthcare facilities become places of culture and can offer unique opportunities to engage with artistic creation. These shared moments with the [&hellip;]","og_url":"https:\/\/comiteducoeur.org\/en\/musique-sante-music-health\/","og_site_name":"Comit\u00e9 du c\u0153ur des soci\u00e9taires Sacem","article_modified_time":"2025-09-26T05:39:21+00:00","og_image":[{"width":2000,"height":1500,"url":"https:\/\/comiteducoeur.org\/wp-content\/uploads\/2020\/06\/Musique-Sante-rub.jpg","type":"image\/jpeg"}],"twitter_card":"summary_large_image","twitter_misc":{"Est. reading time":"7 minutes"},"schema":{"@context":"https:\/\/schema.org","@graph":[{"@type":"WebPage","@id":"https:\/\/comiteducoeur.org\/en\/musique-sante-music-health\/","url":"https:\/\/comiteducoeur.org\/en\/musique-sante-music-health\/","name":"Musique &amp; sant\u00e9 (Music &amp; health) &#8211; Comit\u00e9 du c\u0153ur des soci\u00e9taires Sacem","isPartOf":{"@id":"https:\/\/comiteducoeur.org\/en\/#website"},"primaryImageOfPage":{"@id":"https:\/\/comiteducoeur.org\/en\/musique-sante-music-health\/#primaryimage"},"image":{"@id":"https:\/\/comiteducoeur.org\/en\/musique-sante-music-health\/#primaryimage"},"thumbnailUrl":"https:\/\/comiteducoeur.org\/wp-content\/uploads\/2020\/06\/Musique-Sante-rub.jpg","datePublished":"2020-06-22T10:04:07+00:00","dateModified":"2025-09-26T05:39:21+00:00","breadcrumb":{"@id":"https:\/\/comiteducoeur.org\/en\/musique-sante-music-health\/#breadcrumb"},"inLanguage":"en-US","potentialAction":[{"@type":"ReadAction","target":["https:\/\/comiteducoeur.org\/en\/musique-sante-music-health\/"]}]},{"@type":"ImageObject","inLanguage":"en-US","@id":"https:\/\/comiteducoeur.org\/en\/musique-sante-music-health\/#primaryimage","url":"https:\/\/comiteducoeur.org\/wp-content\/uploads\/2020\/06\/Musique-Sante-rub.jpg","contentUrl":"https:\/\/comiteducoeur.org\/wp-content\/uploads\/2020\/06\/Musique-Sante-rub.jpg","width":2000,"height":1500},{"@type":"BreadcrumbList","@id":"https:\/\/comiteducoeur.org\/en\/musique-sante-music-health\/#breadcrumb","itemListElement":[{"@type":"ListItem","position":1,"name":"Accueil","item":"https:\/\/comiteducoeur.org\/en\/"},{"@type":"ListItem","position":2,"name":"Musique &amp; sant\u00e9 (Music &amp; health)"}]},{"@type":"WebSite","@id":"https:\/\/comiteducoeur.org\/en\/#website","url":"https:\/\/comiteducoeur.org\/en\/","name":"Comit\u00e9 du c\u0153ur des soci\u00e9taires Sacem","description":"Association d\u2019entraide des auteurs et compositeurs membres de la Sacem \u2014 reconnue d&#039;utilit\u00e9 publique depuis 1953","publisher":{"@id":"https:\/\/comiteducoeur.org\/en\/#organization"},"potentialAction":[{"@type":"SearchAction","target":{"@type":"EntryPoint","urlTemplate":"https:\/\/comiteducoeur.org\/en\/?s={search_term_string}"},"query-input":{"@type":"PropertyValueSpecification","valueRequired":true,"valueName":"search_term_string"}}],"inLanguage":"en-US"},{"@type":"Organization","@id":"https:\/\/comiteducoeur.org\/en\/#organization","name":"Comit\u00e9 du c\u0153eur","url":"https:\/\/comiteducoeur.org\/en\/","logo":{"@type":"ImageObject","inLanguage":"en-US","@id":"https:\/\/comiteducoeur.org\/en\/#\/schema\/logo\/image\/","url":"","contentUrl":"","caption":"Comit\u00e9 du c\u0153eur"},"image":{"@id":"https:\/\/comiteducoeur.org\/en\/#\/schema\/logo\/image\/"}}]}},"_links":{"self":[{"href":"https:\/\/comiteducoeur.org\/en\/wp-json\/wp\/v2\/pages\/12260","targetHints":{"allow":["GET"]}}],"collection":[{"href":"https:\/\/comiteducoeur.org\/en\/wp-json\/wp\/v2\/pages"}],"about":[{"href":"https:\/\/comiteducoeur.org\/en\/wp-json\/wp\/v2\/types\/page"}],"author":[{"embeddable":true,"href":"https:\/\/comiteducoeur.org\/en\/wp-json\/wp\/v2\/users\/2"}],"replies":[{"embeddable":true,"href":"https:\/\/comiteducoeur.org\/en\/wp-json\/wp\/v2\/comments?post=12260"}],"version-history":[{"count":2,"href":"https:\/\/comiteducoeur.org\/en\/wp-json\/wp\/v2\/pages\/12260\/revisions"}],"predecessor-version":[{"id":12264,"href":"https:\/\/comiteducoeur.org\/en\/wp-json\/wp\/v2\/pages\/12260\/revisions\/12264"}],"wp:featuredmedia":[{"embeddable":true,"href":"https:\/\/comiteducoeur.org\/en\/wp-json\/wp\/v2\/media\/12261"}],"wp:attachment":[{"href":"https:\/\/comiteducoeur.org\/en\/wp-json\/wp\/v2\/media?parent=12260"}],"curies":[{"name":"wp","href":"https:\/\/api.w.org\/{rel}","templated":true}]}}