{"id":12285,"date":"2020-07-23T12:44:47","date_gmt":"2020-07-23T10:44:47","guid":{"rendered":"https:\/\/comiteducoeur.org\/make-a-bequest\/"},"modified":"2026-02-05T15:52:51","modified_gmt":"2026-02-05T14:52:51","slug":"make-a-bequest","status":"publish","type":"page","link":"https:\/\/comiteducoeur.org\/en\/make-a-bequest\/","title":{"rendered":"Make a bequest"},"content":{"rendered":"<p>[et_pb_section fb_built=\u201c1\u201d disabled_on=\u201coff|off|off\u201d admin_label=\u201cBANDEAU IMAGE\u201d module_class=\u201centete\u201d _builder_version=\u201c4.16\u201d background_color=\u201c#e02b20\u201d use_background_color_gradient=\u201con\u201d background_color_gradient_stops=\u201d#E83C3A 4%|rgba(0,0,0,0) 26%\u201d background_color_gradient_overlays_image=\u201con\u201d background_color_gradient_start=\u201d#E83C3A\u201d background_color_gradient_start_position=\u201c4%\u201d background_color_gradient_end=\u201crgba(0,0,0,0)\u201d background_color_gradient_end_position=\u201c26%\u201d background_image=\u201chttps:\/\/comiteducoeur.org\/wp-content\/uploads\/2020\/09\/iStock-1138773187.jpg\u201d background_position=\u201ctop_right\u201d max_height_tablet=\u201d\u201d max_height_phone=\u201d\u201d max_height_last_edited=\u201con|desktop\u201d custom_margin=\u201c0px||-1px||false|false\u201d custom_margin_tablet=\u201d\u201d custom_margin_phone=\u201c40px||||false|false\u201d custom_margin_last_edited=\u201con|phone\u201d custom_padding=\u201c0px||0px||false|false\u201d background_last_edited=\u201con|phone\u201d background_color_gradient_stops_phone=\u201d#E83C3A 4%|rgba(0,0,0,0) 26%\u201d background_color_gradient_start_position_phone=\u201c4%\u201d background_position_phone=\u201ccenter\u201d global_colors_info=\u201d{}\u201d][et_pb_row _builder_version=\u201c4.16\u201d min_height=\u201c85vh\u201d min_height_tablet=\u201c85vh\u201d min_height_phone=\u201c83vh\u201d min_height_last_edited=\u201con|phone\u201d custom_margin=\u201c0px||0px||false|false\u201d custom_padding=\u201c0px||0px||true|false\u201d module_alignment_tablet=\u201d\u201d module_alignment_phone=\u201d\u201d module_alignment_last_edited=\u201con|tablet\u201d custom_css_main_element=\u201cdisplay: flex;||flex-direction: column;||justify-content: flex-end;||\u201d global_colors_info=\u201d{}\u201d][et_pb_column type=\u201c4_4\u201d _builder_version=\u201c4.16\u201d global_colors_info=\u201d{}\u201d][et_pb_divider color=\u201d#ffffff\u201d divider_weight=\u201c2px\u201d admin_label=\u201cS\u00e9parateur blanc\u201d _builder_version=\u201c4.16\u201d width=\u201c50px\u201d module_alignment=\u201cleft\u201d custom_margin=\u201c0px||0px||false|false\u201d custom_padding=\u201c0px||0px||false|false\u201d global_module=\u201c3187\u201d saved_tabs=\u201call\u201d locked=\u201coff\u201d global_colors_info=\u201d{}\u201d][\/et_pb_divider][et_pb_text admin_label=\u201cTITRE\u201d _builder_version=\u201c4.16\u201d header_text_color=\u201d#ffffff\u201d custom_margin=\u201d||0px||false|false\u201d custom_padding=\u201d||0px||false|false\u201d global_colors_info=\u201d{}\u201d]<\/p>\n<h1>Make a bequest or a donation<\/h1>\n<p>[\/et_pb_text][et_pb_blurb use_icon=\u201con\u201d font_icon=\u201c;||divi||400\u201d icon_color=\u201crgba(255,255,255,0.45)\u201d image_icon_width=\u201c34px\u201d admin_label=\u201cFl\u00e8che (ne pas toucher)\u201d module_id=\u201ccontenu\u201d _builder_version=\u201c4.16\u201d custom_margin=\u201c0px||0px||true|false\u201d custom_padding=\u201c0px||0px||true|false\u201d animation_style=\u201cbounce\u201d animation_duration=\u201c3000ms\u201d animation_starting_opacity=\u201c100%\u201d animation_speed_curve=\u201clinear\u201d animation_repeat=\u201cloop\u201d animation=\u201cbottom\u201d link_option_url=\u201d#contenu\u201d icon_font_size=\u201c34px\u201d global_colors_info=\u201d{}\u201d][\/et_pb_blurb][\/et_pb_column][\/et_pb_row][\/et_pb_section][et_pb_section fb_built=\u201c1\u201d admin_label=\u201cContenu\u201d module_id=\u201ccontenu\u201d _builder_version=\u201c4.27.4\u201d background_enable_image=\u201coff\u201d custom_margin=\u201c0px||0px||true|false\u201d custom_padding=\u201c30px||0px||false|false\u201d global_colors_info=\u201d{}\u201d][et_pb_row column_structure=\u201c3_4,1_4\u201d _builder_version=\u201c4.16\u201d global_colors_info=\u201d{}\u201d][et_pb_column type=\u201c3_4\u201d _builder_version=\u201c4.16\u201d global_colors_info=\u201d{}\u201d][et_pb_divider color=\u201c#E02B20\u201d divider_weight=\u201c2px\u201d disabled_on=\u201coff|off|off\u201d admin_label=\u201cS\u00e9parateur haut rouge\u201d _builder_version=\u201c4.23\u201d width=\u201c50px\u201d module_alignment=\u201cleft\u201d custom_margin=\u201c0px||0px||false|false\u201d custom_padding=\u201c0px||0px||false|false\u201d global_module=\u201c1745\u201d saved_tabs=\u201call\u201d locked=\u201coff\u201d global_colors_info=\u201d{}\u201d][\/et_pb_divider][et_pb_text admin_label=\u201cTITRE\u201d _builder_version=\u201c4.16\u201d custom_margin=\u201c0px||0px||false|false\u201d custom_padding=\u201c0px||0px||false|false\u201d global_colors_info=\u201d{}\u201d]<\/p>\n<h1>Making a bequest or donation <br>helps support the Comit\u00e9 du&nbsp;c\u0153ur!<\/h1>\n<p>[\/et_pb_text][et_pb_text admin_label=\u201cTEXTE\u201d module_class=\u201cform-adhesion\u201d _builder_version=\u201c4.16\u201d width=\u201c85%\u201d global_colors_info=\u201d{}\u201d]<\/p>\n<p>As a registered charity, the Comit\u00e9 du c\u0153ur is authorised to receive bequests and donations.<\/p>\n<p>By making a bequest to the Comit\u00e9 du c\u0153ur, you are supporting its solidarity work in a powerful and fully transparent way. If you prefer, you can specify how your bequest or donation should be used, for example to create an award in your name. If you do not stipulate a specific purpose, your bequest or donation will be used to support the Comit\u00e9 du c\u0153ur\u2019s key projects.&nbsp;<\/p>\n<ul>\n<li><strong>Bequeting<\/strong> means deciding during your lifetime what will happen to your estate after you die, like for example all or part of the royalties generated by your creations. It is a deeply meaningful and generous gesture that carries on your values and commitments beyond your own lifetime. Bequeathing requires a will and takes effect upon the death of the&nbsp;donor.&nbsp;<\/li>\n<li><strong>Donating<\/strong><strong> <\/strong>allows you to act during your lifetime in support of a cause that is important to you and to plan in advance for part of your inheritance.<\/li>\n<\/ul>\n<p>Making a bequest or donation is an important decision that requires careful consideration and full trust. Both must be formalised before a solicitor. The general delegate of the Comit\u00e9 du coeur can assist you in your decision-making process.&nbsp;<\/p>\n<p>[\/et_pb_text][et_pb_button button_url=\u201d@ET-DC@eyJkeW5hbWljIjp0cnVlLCJjb250ZW50IjoicG9zdF9saW5rX3VybF9wYWdlIiwic2V0dGluZ3MiOnsicG9zdF9pZCI6IjI2MjMifX0=@\u201d button_text=\u201cMake an appointment\u201d admin_label=\u201cBOUTON\u201d _builder_version=\u201c4.16\u201d _dynamic_attributes=\u201cbutton_url\u201d custom_button=\u201con\u201d button_text_color=\u201d#ffffff\u201d button_bg_color=\u201d#E83C3A\u201d button_border_color=\u201d#E83C3A\u201d button_icon=\u201c=||divi||400\u201d button_icon_color=\u201d#ffffff\u201d button_on_hover=\u201coff\u201d custom_margin=\u201d||||false|false\u201d custom_padding=\u201c1px|36px|1px|12px|true|false\u201d global_colors_info=\u201d{}\u201d button_text_color__hover_enabled=\u201con|hover\u201d button_text_color__hover=\u201c#ff3232\u201d button_bg_color__hover_enabled=\u201con|hover\u201d button_bg_color__hover=\u201d#ffffff\u201d button_bg_enable_color__hover=\u201con\u201d button_border_color__hover_enabled=\u201con|hover\u201d button_border_color__hover=\u201c#ff3232\u201d button_border_width__hover_enabled=\u201con|hover\u201d button_border_width__hover=\u201c2px\u201d button_icon_color__hover_enabled=\u201con|desktop\u201d button_icon_color__hover=\u201c#ff3232\u201d][\/et_pb_button][\/et_pb_column][et_pb_column type=\u201c1_4\u201d _builder_version=\u201c4.16\u201d global_colors_info=\u201d{}\u201d][et_pb_divider color=\u201c#E02B20\u201d divider_weight=\u201c2px\u201d disabled_on=\u201coff|off|off\u201d admin_label=\u201cS\u00e9parateur haut rouge\u201d _builder_version=\u201c4.23\u201d width=\u201c50px\u201d module_alignment=\u201cleft\u201d custom_margin=\u201c0px||0px||false|false\u201d custom_padding=\u201c0px||0px||false|false\u201d global_module=\u201c1745\u201d saved_tabs=\u201call\u201d locked=\u201coff\u201d global_colors_info=\u201d{}\u201d][\/et_pb_divider][et_pb_text admin_label=\u201cSOUS-TITRE\u201d module_class=\u201crouge\u201d _builder_version=\u201c4.16\u201d global_colors_info=\u201d{}\u201d]<\/p>\n<h3>What are the tax benefits?<\/h3>\n<p>[\/et_pb_text][et_pb_text module_class=\u201crouge\u201d _builder_version=\u201c4.16\u201d global_colors_info=\u201d{}\u201d]<\/p>\n<p>Bequests and donations qualify for tax benefits.<\/p>\n<p>[\/et_pb_text][et_pb_button button_url=\u201chttps:\/\/www.info-legs.fr\/\u201d url_new_window=\u201con\u201d button_text=\u201cFind out more\u201d button_alignment=\u201cleft\u201d admin_label=\u201cBouton EN SAVOIR +\u201d _builder_version=\u201c4.16\u201d custom_button=\u201con\u201d button_text_color=\u201d#E83C3A\u201d button_bg_color=\u201d#ffffff\u201d button_border_color=\u201d#E83C3A\u201d button_icon=\u201cP||divi||400\u201d button_icon_color=\u201d#E83C3A\u201d button_on_hover=\u201coff\u201d custom_padding=\u201c1px|36px|1px|12px|true|false\u201d global_colors_info=\u201d{}\u201d button_text_color__hover_enabled=\u201con|hover\u201d button_text_color__hover=\u201d#ffffff\u201d button_bg_color__hover_enabled=\u201con|hover\u201d button_bg_color__hover=\u201c#ff3232\u201d button_bg_enable_color__hover=\u201con\u201d button_border_width__hover_enabled=\u201con|hover\u201d button_border_width__hover=\u201c2px\u201d button_icon_color__hover_enabled=\u201con|hover\u201d button_icon_color__hover=\u201d#ffffff\u201d][\/et_pb_button][et_pb_divider color=\u201d#E83C3A\u201d divider_weight=\u201c2px\u201d _builder_version=\u201c4.4.3\u201d width=\u201c50px\u201d module_alignment=\u201cleft\u201d custom_margin=\u201c0px||0px||false|false\u201d custom_padding=\u201c25px||10px||false|false\u201d global_module=\u201c196\u201d saved_tabs=\u201call\u201d global_colors_info=\u201d{}\u201d][\/et_pb_divider][et_pb_text admin_label=\u201cSOUS-TITRE\u201d module_class=\u201crouge\u201d _builder_version=\u201c4.16\u201d global_colors_info=\u201d{}\u201d]<\/p>\n<h3>Tribute to donors<\/h3>\n<p>[\/et_pb_text][et_pb_text module_class=\u201crouge\u201d _builder_version=\u201c4.16\u201d global_colors_info=\u201d{}\u201d]<\/p>\n<p>The Comit\u00e9 du c\u0153ur warmly thanks the donors who contribute to its work in a spirit of solidarity.<\/p>\n<p>[\/et_pb_text][et_pb_button button_url=\u201d@ET-DC@eyJkeW5hbWljIjp0cnVlLCJjb250ZW50IjoicG9zdF9saW5rX3VybF9wYWdlIiwic2V0dGluZ3MiOnsicG9zdF9pZCI6Ijc3MjUifX0=@\u201d button_text=\u201cFind out more\u201d button_alignment=\u201cleft\u201d admin_label=\u201cBouton EN SAVOIR +\u201d _builder_version=\u201c4.16\u201d _dynamic_attributes=\u201cbutton_url\u201d custom_button=\u201con\u201d button_text_color=\u201d#E83C3A\u201d button_bg_color=\u201d#ffffff\u201d button_border_color=\u201d#E83C3A\u201d button_icon=\u201cP||divi||400\u201d button_icon_color=\u201d#E83C3A\u201d button_on_hover=\u201coff\u201d custom_padding=\u201c1px|36px|1px|12px|true|false\u201d global_colors_info=\u201d{}\u201d button_text_color__hover_enabled=\u201con|hover\u201d button_text_color__hover=\u201d#ffffff\u201d button_bg_color__hover_enabled=\u201con|hover\u201d button_bg_color__hover=\u201c#ff3232\u201d button_bg_enable_color__hover=\u201con\u201d button_border_width__hover_enabled=\u201con|hover\u201d button_border_width__hover=\u201c2px\u201d button_icon_color__hover_enabled=\u201con|hover\u201d button_icon_color__hover=\u201d#ffffff\u201d][\/et_pb_button][\/et_pb_column][\/et_pb_row][et_pb_row use_custom_gutter=\u201con\u201d gutter_width=\u201c3\u201d make_equal=\u201con\u201d disabled_on=\u201con|on|on\u201d admin_label=\u201cL\u00e9gende\u201d _builder_version=\u201c4.16\u201d custom_margin=\u201d||||false|false\u201d custom_padding=\u201d||||false|false\u201d disabled=\u201con\u201d global_colors_info=\u201d{}\u201d][et_pb_column type=\u201c4_4\u201d _builder_version=\u201c4.16\u201d custom_padding=\u201d||||false|false\u201d custom_css_main_element=\u201cwidth: 66% !important;\u201d global_colors_info=\u201d{}\u201d][et_pb_divider color=\u201c#E02B20\u201d divider_weight=\u201c2px\u201d disabled_on=\u201coff|off|off\u201d admin_label=\u201cS\u00e9parateur haut rouge\u201d _builder_version=\u201c4.23\u201d width=\u201c50px\u201d module_alignment=\u201cleft\u201d custom_margin=\u201c0px||0px||false|false\u201d custom_padding=\u201c0px||0px||false|false\u201d global_module=\u201c1745\u201d saved_tabs=\u201call\u201d locked=\u201coff\u201d global_colors_info=\u201d{}\u201d][\/et_pb_divider][et_pb_text admin_label=\u201cL\u00c9GENDE IMAGE\u201d _builder_version=\u201c4.16\u201d global_colors_info=\u201d{}\u201d]<\/p>\n<h6>Photo credits : <\/h6>\n<p>[\/et_pb_text][\/et_pb_column][\/et_pb_row][\/et_pb_section][et_pb_section fb_built=\u201c1\u201d admin_label=\u201cfond bas motif orange\u201d _builder_version=\u201c4.16\u201d background_color=\u201d#ff974c\u201d background_image=\u201chttps:\/\/comiteducoeur.org\/wp-content\/uploads\/2020\/06\/motif_orange.png\u201d background_size=\u201cinitial\u201d background_repeat=\u201crepeat\u201d custom_margin=\u201c0px||0px||true|false\u201d custom_padding=\u201c30px||80px||false|false\u201d global_colors_info=\u201d{}\u201d][et_pb_row admin_label=\u201cEnsemble DON\u201d _builder_version=\u201c4.4.3\u201d width=\u201c50%\u201d width_tablet=\u201c80%\u201d width_phone=\u201c85%\u201d width_last_edited=\u201con|phone\u201d custom_margin=\u201c0px||0px||true|false\u201d custom_padding=\u201c0px||0px||true|false\u201d global_module=\u201c3017\u201d saved_tabs=\u201call\u201d global_colors_info=\u201d{}\u201d][et_pb_column type=\u201c4_4\u201d _builder_version=\u201c4.16\u201d global_colors_info=\u201d{}\u201d][et_pb_blurb image=\u201chttps:\/\/comiteducoeur.org\/wp-content\/uploads\/2020\/05\/icon-clic-coeur.png\u201d image_icon_width=\u201c44%\u201d admin_label=\u201cLogo\u201d _builder_version=\u201c4.16\u201d custom_margin=\u201c0px||0px||true|false\u201d custom_padding=\u201c0px||0px||true|false\u201d border_color_all_image=\u201c#ff3232\u201d image_max_width=\u201c44%\u201d global_colors_info=\u201d{}\u201d][\/et_pb_blurb][et_pb_text admin_label=\u201cAccroche\u201d _builder_version=\u201c4.16\u201d header_2_text_color=\u201d#ffffff\u201d text_orientation=\u201ccenter\u201d custom_margin=\u201c0px||||false|false\u201d custom_padding=\u201c0px||||false|false\u201d global_colors_info=\u201d{}\u201d]<\/p>\n<h2>Being a donor, an invaluable help<\/h2>\n<p>[\/et_pb_text][et_pb_text _builder_version=\u201c4.16\u201d text_font=\u201d||on||||||\u201d text_text_color=\u201d#ffffff\u201d header_3_text_color=\u201d#ffffff\u201d header_5_text_color=\u201d#ffffff\u201d text_orientation=\u201ccenter\u201d custom_padding=\u201d||20px||false|false\u201d global_colors_info=\u201d{}\u201d]<\/p>\n<h3>Author, composer, publisher, individual, company,<br>you can make a one-off or<br>regular donation to the Comit\u00e9 du&nbsp;c\u0153ur!<\/h3>\n<h3>The association is registered as a charity,<br>your donations are tax-deductible<br>and you will receive a tax receipt.<\/h3>\n<p>[\/et_pb_text][et_pb_button button_url=\u201chttps:\/\/soutenir.comiteducoeur.org\/\u201d url_new_window=\u201con\u201d button_text=\u201cMake a donation\u201d button_alignment=\u201ccenter\u201d admin_label=\u201cbouton  DON\u201d _builder_version=\u201c4.27.4\u201d custom_button=\u201con\u201d button_text_color=\u201d#E83C3A\u201d button_bg_color=\u201d#ffffff\u201d button_border_color=\u201d#E83C3A\u201d button_icon=\u201c=||divi||400\u201d button_icon_color=\u201d#E83C3A\u201d button_on_hover=\u201coff\u201d custom_padding=\u201c1px|36px|1px|12px|true|false\u201d hover_enabled=\u201c0\u201d global_colors_info=\u201d{}\u201d button_text_color__hover_enabled=\u201con|desktop\u201d button_text_color__hover=\u201d#ffffff\u201d button_bg_color__hover_enabled=\u201con|hover\u201d button_bg_color__hover=\u201c#ff3232\u201d button_bg_enable_color__hover=\u201con\u201d button_border_width__hover_enabled=\u201con|desktop\u201d button_border_width__hover=\u201c2px\u201d button_border_color__hover_enabled=\u201con|desktop\u201d button_icon_color__hover_enabled=\u201con|desktop\u201d button_icon_color__hover=\u201d#ffffff\u201d sticky_enabled=\u201c0\u201d button_border_color__hover=\u201d#E83C3A\u201d][\/et_pb_button][\/et_pb_column][\/et_pb_row][\/et_pb_section]<\/p>\n","protected":false},"excerpt":{"rendered":"<p>Make a bequest or a donationMaking a bequest or donation helps support the Comit\u00e9 du c\u0153ur!As a registered charity, the Comit\u00e9 du c\u0153ur is authorised to receive bequests and donations. By making a bequest to the Comit\u00e9 du c\u0153ur, you are supporting its solidarity work in a powerful and fully transparent way. If you prefer,&nbsp;[\u2026]<\/p>\n","protected":false},"author":2,"featured_media":0,"parent":0,"menu_order":0,"comment_status":"closed","ping_status":"closed","template":"","meta":{"_et_pb_use_builder":"on","_et_pb_old_content":"","_et_gb_content_width":"","wp_typography_post_enhancements_disabled":false,"footnotes":""},"class_list":["post-12285","page","type-page","status-publish","hentry"],"yoast_head":"<!-- This site is optimized with the Yoast SEO plugin v26.9 - https:\/\/yoast.com\/product\/yoast-seo-wordpress\/ -->\n<title>Make a bequest &#8211; Comit\u00e9 du c\u0153ur des soci\u00e9taires Sacem<\/title>\n<meta name=\"description\" content=\"As a registered charity, the Comit\u00e9 du c\u0153ur is authorised to receive bequests and donations.\" \/>\n<meta name=\"robots\" content=\"index, follow, max-snippet:-1, max-image-preview:large, max-video-preview:-1\" \/>\n<link rel=\"canonical\" href=\"https:\/\/comiteducoeur.org\/en\/make-a-bequest\/\" \/>\n<meta property=\"og:locale\" content=\"en_US\" \/>\n<meta property=\"og:type\" content=\"article\" \/>\n<meta property=\"og:title\" content=\"Make a bequest &#8211; Comit\u00e9 du c\u0153ur des soci\u00e9taires Sacem\" \/>\n<meta property=\"og:description\" content=\"As a registered charity, the Comit\u00e9 du c\u0153ur is authorised to receive bequests and donations.\" \/>\n<meta property=\"og:url\" content=\"https:\/\/comiteducoeur.org\/en\/make-a-bequest\/\" \/>\n<meta property=\"og:site_name\" content=\"Comit\u00e9 du c\u0153ur des soci\u00e9taires Sacem\" \/>\n<meta property=\"article:modified_time\" content=\"2026-02-05T14:52:51+00:00\" \/>\n<meta name=\"twitter:card\" content=\"summary_large_image\" \/>\n<meta name=\"twitter:label1\" content=\"Est. reading time\" \/>\n\t<meta name=\"twitter:data1\" content=\"10 minutes\" \/>\n<script type=\"application\/ld+json\" class=\"yoast-schema-graph\">{\"@context\":\"https:\/\/schema.org\",\"@graph\":[{\"@type\":\"WebPage\",\"@id\":\"https:\/\/comiteducoeur.org\/en\/make-a-bequest\/\",\"url\":\"https:\/\/comiteducoeur.org\/en\/make-a-bequest\/\",\"name\":\"Make a bequest &#8211; Comit\u00e9 du c\u0153ur des soci\u00e9taires Sacem\",\"isPartOf\":{\"@id\":\"https:\/\/comiteducoeur.org\/en\/#website\"},\"datePublished\":\"2020-07-23T10:44:47+00:00\",\"dateModified\":\"2026-02-05T14:52:51+00:00\",\"description\":\"As a registered charity, the Comit\u00e9 du c\u0153ur is authorised to receive bequests and donations.\",\"breadcrumb\":{\"@id\":\"https:\/\/comiteducoeur.org\/en\/make-a-bequest\/#breadcrumb\"},\"inLanguage\":\"en-US\",\"potentialAction\":[{\"@type\":\"ReadAction\",\"target\":[\"https:\/\/comiteducoeur.org\/en\/make-a-bequest\/\"]}]},{\"@type\":\"BreadcrumbList\",\"@id\":\"https:\/\/comiteducoeur.org\/en\/make-a-bequest\/#breadcrumb\",\"itemListElement\":[{\"@type\":\"ListItem\",\"position\":1,\"name\":\"Accueil\",\"item\":\"https:\/\/comiteducoeur.org\/en\/\"},{\"@type\":\"ListItem\",\"position\":2,\"name\":\"Make a bequest\"}]},{\"@type\":\"WebSite\",\"@id\":\"https:\/\/comiteducoeur.org\/en\/#website\",\"url\":\"https:\/\/comiteducoeur.org\/en\/\",\"name\":\"Comit\u00e9 du c\u0153ur des soci\u00e9taires Sacem\",\"description\":\"Association d\u2019entraide des auteurs et compositeurs membres de la Sacem \u2014 reconnue d&#039;utilit\u00e9 publique depuis 1953\",\"publisher\":{\"@id\":\"https:\/\/comiteducoeur.org\/en\/#organization\"},\"potentialAction\":[{\"@type\":\"SearchAction\",\"target\":{\"@type\":\"EntryPoint\",\"urlTemplate\":\"https:\/\/comiteducoeur.org\/en\/?s={search_term_string}\"},\"query-input\":{\"@type\":\"PropertyValueSpecification\",\"valueRequired\":true,\"valueName\":\"search_term_string\"}}],\"inLanguage\":\"en-US\"},{\"@type\":\"Organization\",\"@id\":\"https:\/\/comiteducoeur.org\/en\/#organization\",\"name\":\"Comit\u00e9 du c\u0153eur\",\"url\":\"https:\/\/comiteducoeur.org\/en\/\",\"logo\":{\"@type\":\"ImageObject\",\"inLanguage\":\"en-US\",\"@id\":\"https:\/\/comiteducoeur.org\/en\/#\/schema\/logo\/image\/\",\"url\":\"\",\"contentUrl\":\"\",\"caption\":\"Comit\u00e9 du c\u0153eur\"},\"image\":{\"@id\":\"https:\/\/comiteducoeur.org\/en\/#\/schema\/logo\/image\/\"}}]}<\/script>\n<!-- \/ Yoast SEO plugin. -->","yoast_head_json":{"title":"Make a bequest &#8211; Comit\u00e9 du c\u0153ur des soci\u00e9taires Sacem","description":"As a registered charity, the Comit\u00e9 du c\u0153ur is authorised to receive bequests and donations.","robots":{"index":"index","follow":"follow","max-snippet":"max-snippet:-1","max-image-preview":"max-image-preview:large","max-video-preview":"max-video-preview:-1"},"canonical":"https:\/\/comiteducoeur.org\/en\/make-a-bequest\/","og_locale":"en_US","og_type":"article","og_title":"Make a bequest &#8211; Comit\u00e9 du c\u0153ur des soci\u00e9taires Sacem","og_description":"As a registered charity, the Comit\u00e9 du c\u0153ur is authorised to receive bequests and donations.","og_url":"https:\/\/comiteducoeur.org\/en\/make-a-bequest\/","og_site_name":"Comit\u00e9 du c\u0153ur des soci\u00e9taires Sacem","article_modified_time":"2026-02-05T14:52:51+00:00","twitter_card":"summary_large_image","twitter_misc":{"Est. reading time":"10 minutes"},"schema":{"@context":"https:\/\/schema.org","@graph":[{"@type":"WebPage","@id":"https:\/\/comiteducoeur.org\/en\/make-a-bequest\/","url":"https:\/\/comiteducoeur.org\/en\/make-a-bequest\/","name":"Make a bequest &#8211; Comit\u00e9 du c\u0153ur des soci\u00e9taires Sacem","isPartOf":{"@id":"https:\/\/comiteducoeur.org\/en\/#website"},"datePublished":"2020-07-23T10:44:47+00:00","dateModified":"2026-02-05T14:52:51+00:00","description":"As a registered charity, the Comit\u00e9 du c\u0153ur is authorised to receive bequests and donations.","breadcrumb":{"@id":"https:\/\/comiteducoeur.org\/en\/make-a-bequest\/#breadcrumb"},"inLanguage":"en-US","potentialAction":[{"@type":"ReadAction","target":["https:\/\/comiteducoeur.org\/en\/make-a-bequest\/"]}]},{"@type":"BreadcrumbList","@id":"https:\/\/comiteducoeur.org\/en\/make-a-bequest\/#breadcrumb","itemListElement":[{"@type":"ListItem","position":1,"name":"Accueil","item":"https:\/\/comiteducoeur.org\/en\/"},{"@type":"ListItem","position":2,"name":"Make a bequest"}]},{"@type":"WebSite","@id":"https:\/\/comiteducoeur.org\/en\/#website","url":"https:\/\/comiteducoeur.org\/en\/","name":"Comit\u00e9 du c\u0153ur des soci\u00e9taires Sacem","description":"Association d\u2019entraide des auteurs et compositeurs membres de la Sacem \u2014 reconnue d&#039;utilit\u00e9 publique depuis 1953","publisher":{"@id":"https:\/\/comiteducoeur.org\/en\/#organization"},"potentialAction":[{"@type":"SearchAction","target":{"@type":"EntryPoint","urlTemplate":"https:\/\/comiteducoeur.org\/en\/?s={search_term_string}"},"query-input":{"@type":"PropertyValueSpecification","valueRequired":true,"valueName":"search_term_string"}}],"inLanguage":"en-US"},{"@type":"Organization","@id":"https:\/\/comiteducoeur.org\/en\/#organization","name":"Comit\u00e9 du c\u0153eur","url":"https:\/\/comiteducoeur.org\/en\/","logo":{"@type":"ImageObject","inLanguage":"en-US","@id":"https:\/\/comiteducoeur.org\/en\/#\/schema\/logo\/image\/","url":"","contentUrl":"","caption":"Comit\u00e9 du c\u0153eur"},"image":{"@id":"https:\/\/comiteducoeur.org\/en\/#\/schema\/logo\/image\/"}}]}},"_links":{"self":[{"href":"https:\/\/comiteducoeur.org\/en\/wp-json\/wp\/v2\/pages\/12285","targetHints":{"allow":["GET"]}}],"collection":[{"href":"https:\/\/comiteducoeur.org\/en\/wp-json\/wp\/v2\/pages"}],"about":[{"href":"https:\/\/comiteducoeur.org\/en\/wp-json\/wp\/v2\/types\/page"}],"author":[{"embeddable":true,"href":"https:\/\/comiteducoeur.org\/en\/wp-json\/wp\/v2\/users\/2"}],"replies":[{"embeddable":true,"href":"https:\/\/comiteducoeur.org\/en\/wp-json\/wp\/v2\/comments?post=12285"}],"version-history":[{"count":4,"href":"https:\/\/comiteducoeur.org\/en\/wp-json\/wp\/v2\/pages\/12285\/revisions"}],"predecessor-version":[{"id":12901,"href":"https:\/\/comiteducoeur.org\/en\/wp-json\/wp\/v2\/pages\/12285\/revisions\/12901"}],"wp:attachment":[{"href":"https:\/\/comiteducoeur.org\/en\/wp-json\/wp\/v2\/media?parent=12285"}],"curies":[{"name":"wp","href":"https:\/\/api.w.org\/{rel}","templated":true}]}}