{"id":12458,"date":"2020-06-13T01:55:17","date_gmt":"2020-06-12T23:55:17","guid":{"rendered":"https:\/\/comiteducoeur.org\/privacy-policy\/"},"modified":"2025-09-29T15:46:32","modified_gmt":"2025-09-29T13:46:32","slug":"privacy-policy","status":"publish","type":"page","link":"https:\/\/comiteducoeur.org\/en\/privacy-policy\/","title":{"rendered":"Privacy policy"},"content":{"rendered":"<p>[et_pb_section fb_built=\u201c1\u201d admin_label=\u201cBandeau image\u201d module_class=\u201centete\u201d _builder_version=\u201c4.16\u201d background_color=\u201c#e02b20\u201d use_background_color_gradient=\u201con\u201d background_color_gradient_stops=\u201d#E83C3A 14%|rgba(0,0,0,0) 100%\u201d background_color_gradient_overlays_image=\u201con\u201d background_color_gradient_start=\u201d#E83C3A\u201d background_color_gradient_start_position=\u201c14%\u201d background_color_gradient_end=\u201crgba(0,0,0,0)\u201d background_image=\u201chttps:\/\/comiteducoeur.org\/wp-content\/uploads\/2020\/05\/motif_rouge.png\u201d background_size=\u201cinitial\u201d background_repeat=\u201crepeat\u201d max_height_tablet=\u201d\u201d max_height_phone=\u201d\u201d max_height_last_edited=\u201con|desktop\u201d custom_margin=\u201c0px||-1px||false|false\u201d custom_padding=\u201c0px||0px||false|false\u201d background_color_phone=\u201c#ff3232\u201d background_last_edited=\u201con|phone\u201d background_enable_color_phone=\u201con\u201d global_colors_info=\u201d{}\u201d][et_pb_row admin_label=\u201cLigne\u201d _builder_version=\u201c4.16\u201d min_height=\u201c19vh\u201d min_height_tablet=\u201c85vh\u201d min_height_phone=\u201c83vh\u201d min_height_last_edited=\u201con|phone\u201d custom_margin=\u201c0px||0px||false|false\u201d custom_padding=\u201c0px||0px||true|false\u201d custom_css_main_element=\u201cdisplay: flex;||flex-direction: column;||justify-content: flex-end;||\u201d global_colors_info=\u201d{}\u201d][et_pb_column type=\u201c4_4\u201d admin_label=\u201cColonne\u201d _builder_version=\u201c4.16\u201d global_colors_info=\u201d{}\u201d][et_pb_divider color=\u201d#ffffff\u201d divider_weight=\u201c2px\u201d _builder_version=\u201c4.16\u201d width=\u201c50px\u201d module_alignment=\u201cleft\u201d custom_margin=\u201d||0px||false|false\u201d custom_padding=\u201d||0px||false|false\u201d saved_tabs=\u201call\u201d global_colors_info=\u201d{}\u201d][\/et_pb_divider][et_pb_text admin_label=\u201cTitre\u201d _builder_version=\u201c4.16\u201d text_text_color=\u201d#ffffff\u201d header_text_color=\u201d#ffffff\u201d custom_margin=\u201d||0px||false|false\u201d custom_padding=\u201d||0px||false|false\u201d global_colors_info=\u201d{}\u201d]<\/p>\n<h1>Privacy policy, use of cookies<\/h1>\n<p>[\/et_pb_text][\/et_pb_column][\/et_pb_row][\/et_pb_section][et_pb_section fb_built=\u201c1\u201d admin_label=\u201cContenu\u201d module_id=\u201ccontenu\u201d _builder_version=\u201c4.16\u201d background_enable_color=\u201coff\u201d custom_margin=\u201c0px||0px||true|false\u201d custom_padding=\u201c3px||3px||true|false\u201d global_colors_info=\u201d{}\u201d][et_pb_row column_structure=\u201c3_4,1_4\u201d _builder_version=\u201c4.16\u201d global_colors_info=\u201d{}\u201d][et_pb_column type=\u201c3_4\u201d _builder_version=\u201c4.16\u201d global_colors_info=\u201d{}\u201d][et_pb_divider color=\u201c#E02B20\u201d divider_weight=\u201c2px\u201d disabled_on=\u201coff|off|off\u201d admin_label=\u201cS\u00e9parateur haut rouge\u201d _builder_version=\u201c4.23\u201d width=\u201c50px\u201d module_alignment=\u201cleft\u201d custom_margin=\u201c0px||0px||false|false\u201d custom_padding=\u201c0px||0px||false|false\u201d global_module=\u201c1745\u201d saved_tabs=\u201call\u201d locked=\u201coff\u201d global_colors_info=\u201d{}\u201d][\/et_pb_divider][et_pb_text admin_label=\u201ctitre\u201d _builder_version=\u201c4.16\u201d custom_margin=\u201c0px||0px||false|false\u201d custom_padding=\u201c0px||0px||false|false\u201d global_colors_info=\u201d{}\u201d]<\/p>\n<h1>General terms and conditions of use of the website<\/h1>\n<p>[\/et_pb_text][et_pb_text module_class=\u201cform-adhesion\u201d _builder_version=\u201c4.16\u201d header_2_text_color=\u201c#ff3232\u201d width=\u201c85%\u201d global_colors_info=\u201d{}\u201d]<\/p>\n<p>The <em>Comit\u00e9 du c\u0153ur<\/em> is strongly committed to protecting your personal data and ensures compliance with the regulations in force under the General Data Protection Regulation of 27 April, 2016, (hereinafter \u2018GDPR\u2019), which came into force on 25 May, 2018, and the French amended law of 6 January, 1978, known as the \u2018Data Protection Act\u2019.<br>To this end, the <em>Comit\u00e9 du c\u0153ur<\/em> has appointed a Data Protection Officer (or \u00ab&nbsp;DPO&nbsp;\u00bb).<\/p>\n<p>Your personal data is collected, processed and stored in compliance with current regulations. To this end, you are hereby notified that:&nbsp;<\/p>\n<ul>\n<li>The data controller is the <em>Comit\u00e9 du c\u0153ur<\/em>,<\/li>\n<li>the data is processed for the sole purpose of fulfilling the requests you have made on the contact form and in connection with newsletter subscriptions. It is stored for 5&nbsp;years, then for the applicable legal period in case of dispute,&nbsp;<\/li>\n<li>only Sacem\u2019s internal services acting on behalf of the <em>Comit\u00e9 du c\u0153ur<\/em> and the members of the <em>Comit\u00e9 du c\u0153ur<\/em>\u2019s board of directors are recipients of the information you provide. The <em>Comit\u00e9 du c\u0153ur <\/em>and Sacem, as non-profit organisations, do not engage in any commercial prospecting. Your personal information is therefore not transferred or rented, either free of charge or for a fee, to third parties and is not used for any commercial purposes,&nbsp;<\/li>\n<li>All recipients of your information are subject to confidentiality obligations,<\/li>\n<li>You have the right to access, rectify, object to, restrict and erase your data, which you can exercise by writing to the <em>Comit\u00e9 du c\u0153ur<\/em> at the following address:<\/li>\n<\/ul>\n<p>Comit\u00e9 du c\u0153ur<br>225, avenue Charles-de-Gaulle<br>92528 Neuilly-sur-Seine Cedex<\/p>\n<p>For more information on existing regulations concerning personal data protection, please visit the CNIL website: www.cnil.fr.<\/p>\n<p>[\/et_pb_text][et_pb_text _builder_version=\u201c4.16\u201d global_colors_info=\u201d{}\u201d]<\/p>\n<h1>Data protection<\/h1>\n<p>This website uses HTTPS protocol to safeguard sensitive information transmitted online.<br> Computers and servers used to store identifiable personal information are kept in a protected environment.<br> In compliance with existing regulations, you will be notified by email in the event of a leak of your personal data.<\/p>\n<p>[\/et_pb_text][et_pb_text _builder_version=\u201c4.27.4\u201d header_2_text_color=\u201c#ff3232\u201d hover_enabled=\u201c0\u201d global_colors_info=\u201d{}\u201d sticky_enabled=\u201c0\u201d]<\/p>\n<h1>Cookies<\/h1>\n<p>This website uses cookies to ensure you get the best experience on our website, to measure audience and to optimise social media features.<\/p>\n<h2>What is a cookie?<\/h2>\n<p>A cookie is a text file stored on your computer\u2019s hard drive when you visit websites. It contains browsing information that allows you to be recognised during future visits and to remember your preferences. Cookies are managed by your web browser (Internet Explorer, Firefox, Chrome etc.).&nbsp;<\/p>\n<h2>How are cookies used on the comiteducoeur.org website?<\/h2>\n<p>The <em>Comit\u00e9 du c\u0153ur<\/em> website uses cookies for audience measurement purposes only. The cookies are used to compile statistics on visits to the various pages of the website in order to improve the services offered:&nbsp;<\/p>\n<ul>\n<li>Page visits<\/li>\n<li>Types of devices used (mobile or desktop computer)<\/li>\n<li>Number of visitors<\/li>\n<li>Browsers used<\/li>\n<\/ul>\n<p><strong>This data is anonymous and cannot be used to identify individual users<\/strong>. No personal data is collected. By continuing to browse this site, you agree to the use of cookies.&nbsp;<\/p>\n<h2>What cookies are used by the comiteducoeur.org website?<\/h2>\n<div class=\"elementToProof\">The Comit\u00e9 du c\u0153ur website uses the following cookies:<\/div>\n<div class=\"elementToProof\"><b>Matomo<\/b><\/div>\n<div class=\"elementToProof\">These cookies are placed by Matomo to collect information on website traffic. No personal information is collected.&nbsp;<\/div>\n<p>[\/et_pb_text][\/et_pb_column][et_pb_column type=\u201c1_4\u201d _builder_version=\u201c4.16\u201d global_colors_info=\u201d{}\u201d][et_pb_divider color=\u201c#E02B20\u201d divider_weight=\u201c2px\u201d disabled_on=\u201coff|off|off\u201d admin_label=\u201cS\u00e9parateur haut rouge\u201d _builder_version=\u201c4.23\u201d width=\u201c50px\u201d module_alignment=\u201cleft\u201d custom_margin=\u201c0px||0px||false|false\u201d custom_padding=\u201c0px||0px||false|false\u201d global_module=\u201c1745\u201d saved_tabs=\u201call\u201d locked=\u201coff\u201d global_colors_info=\u201d{}\u201d][\/et_pb_divider][et_pb_text _builder_version=\u201c4.16\u201d header_3_text_color=\u201c#ff3232\u201d global_colors_info=\u201d{}\u201d]<\/p>\n<h3>Website published by&nbsp;<\/h3>\n<p>[\/et_pb_text][et_pb_text _builder_version=\u201c4.16\u201d text_text_color=\u201c#ff3232\u201d global_colors_info=\u201d{}\u201d]<\/p>\n<p>The Comit\u00e9 du c\u0153ur<br>Registered charity since 1953<br><strong>Headquarters<\/strong>:<br>225, Avenue Charles de Gaulle<br>92200 Neuilly-sur-Seine\u2009\u2014\u2009France<br>Phone: : 01 47 15 46&nbsp;19<\/p>\n<p>[\/et_pb_text][et_pb_button button_url=\u201d@ET-DC@eyJkeW5hbWljIjp0cnVlLCJjb250ZW50IjoicG9zdF9saW5rX3VybF9wYWdlIiwic2V0dGluZ3MiOnsicG9zdF9pZCI6IjI2MjMiLCJlbmFibGVfaHRtbCI6Im9mZiJ9fQ==@\u201d button_text=\u201cContact us\u201d button_alignment=\u201cleft\u201d admin_label=\u201cBouton En savoir +\u201d _builder_version=\u201c4.16\u201d _dynamic_attributes=\u201cbutton_url\u201d custom_button=\u201con\u201d button_text_color=\u201c#ff3232\u201d button_bg_color=\u201d#ffffff\u201d button_border_color=\u201c#ff3232\u201d button_icon=\u201c=||divi||400\u201d button_icon_color=\u201c#ff3232\u201d button_on_hover=\u201coff\u201d custom_padding=\u201c1px|36px|1px|12px|true|false\u201d global_colors_info=\u201d{}\u201d button_text_color__hover_enabled=\u201con|hover\u201d button_text_color__hover=\u201d#ffffff\u201d button_bg_color__hover_enabled=\u201con|hover\u201d button_bg_color__hover=\u201c#ff3232\u201d button_bg_enable_color__hover=\u201con\u201d button_border_width__hover_enabled=\u201con|hover\u201d button_border_width__hover=\u201c2px\u201d button_icon_color__hover_enabled=\u201con|hover\u201d button_icon_color__hover=\u201d#ffffff\u201d][\/et_pb_button][et_pb_text _builder_version=\u201c4.18.0\u201d header_3_text_color=\u201c#ff3232\u201d global_colors_info=\u201d{}\u201d]<\/p>\n<h3>Publishing director<\/h3>\n<p>[\/et_pb_text][et_pb_text _builder_version=\u201c4.18.0\u201d text_text_color=\u201c#ff3232\u201d global_colors_info=\u201d{}\u201d]<\/p>\n<p>Comit\u00e9 du c\u0153ur general delegate<br>Ms Angela Alves<br>225, Avenue Charles de Gaulle<br>92528 Neuilly-sur-Seine Cedex<\/p>\n<p>[\/et_pb_text][et_pb_text _builder_version=\u201c4.16\u201d header_3_text_color=\u201c#ff3232\u201d global_colors_info=\u201d{}\u201d]<\/p>\n<h3>Hosting <\/h3>\n<p>[\/et_pb_text][et_pb_text _builder_version=\u201c4.16\u201d text_text_color=\u201c#ff3232\u201d global_colors_info=\u201d{}\u201d]<\/p>\n<p>Gandi SAS<br>63\u2009\u2013\u200965 boulevard Mass\u00e9na<br>75013 Paris, France<\/p>\n<p>[\/et_pb_text][et_pb_divider color=\u201d#E83C3A\u201d divider_weight=\u201c2px\u201d _builder_version=\u201c4.4.3\u201d width=\u201c50px\u201d module_alignment=\u201cleft\u201d custom_margin=\u201c0px||0px||false|false\u201d custom_padding=\u201c25px||10px||false|false\u201d global_module=\u201c196\u201d saved_tabs=\u201call\u201d global_colors_info=\u201d{}\u201d][\/et_pb_divider][et_pb_text _builder_version=\u201c4.16\u201d header_3_text_color=\u201c#ff3232\u201d global_colors_info=\u201d{}\u201d]<\/p>\n<h3>Credits<\/h3>\n<p>[\/et_pb_text][et_pb_text _builder_version=\u201c4.16\u201d text_text_color=\u201c#ff3232\u201d header_5_text_color=\u201c#ff3232\u201d global_colors_info=\u201d{}\u201d]<\/p>\n<h5>Photo credits<\/h5>\n<p>All rights reserved. Mus\u00e9e&nbsp;Sacem.&nbsp;<\/p>\n<h5>Creation of the website<\/h5>\n<p><strong>Conception, graphic design &amp; coordination<\/strong>: Le\u00efla Brett (<a href=\"https:\/\/www.malt.fr\/profile\/leilabrett\" target=\"_blank\" rel=\"noopener noreferrer\" title=\"Le\u00efla Brett \u2014 Malt profile\">Malt<\/a>, <a href=\"https:\/\/www.linkedin.com\/in\/le%C3%AFla-brett-86206aa0\/\" target=\"_blank\" rel=\"noopener noreferrer\" title=\"Le\u00efla Brett \u2014 LinkedIn\">LinkedIn,<\/a> <a href=\"https:\/\/www.coworkees.com\/freelance\/17307\" target=\"_blank\" rel=\"noopener noreferrer\" title=\"Le\u00efla Brett \u2014 Coworkees\">Coworkees<\/a>)<br><strong>Artistic direction<\/strong>: <a href=\"http:\/\/www.corinnejaniercolombel.com\" target=\"_blank\" rel=\"noopener noreferrer\">Corinne Janier<\/a><br><strong>Integration<\/strong> : <a href=\"http:\/\/www.carolinescherb.com\" target=\"_blank\" rel=\"noopener noreferrer\">Caroline Scherb<\/a><\/p>\n<p>[\/et_pb_text][\/et_pb_column][\/et_pb_row][\/et_pb_section]<\/p>\n","protected":false},"excerpt":{"rendered":"<p>Privacy policy, use of cookiesGeneral terms and conditions of use of the websiteThe Comit\u00e9 du c\u0153ur is strongly committed to protecting your personal data and ensures compliance with the regulations in force under the General Data Protection Regulation of 27 April, 2016, (hereinafter \u2018GDPR\u2019), which came into force on 25 May, 2018, and the French&nbsp;[\u2026]<\/p>\n","protected":false},"author":1,"featured_media":0,"parent":0,"menu_order":0,"comment_status":"closed","ping_status":"closed","template":"","meta":{"_et_pb_use_builder":"on","_et_pb_old_content":"","_et_gb_content_width":"","wp_typography_post_enhancements_disabled":false,"footnotes":""},"class_list":["post-12458","page","type-page","status-publish","hentry"],"yoast_head":"<!-- This site is optimized with the Yoast SEO plugin v26.9 - https:\/\/yoast.com\/product\/yoast-seo-wordpress\/ -->\n<title>Privacy policy &#8211; Comit\u00e9 du c\u0153ur des soci\u00e9taires Sacem<\/title>\n<meta name=\"robots\" content=\"index, follow, max-snippet:-1, max-image-preview:large, max-video-preview:-1\" \/>\n<link rel=\"canonical\" href=\"https:\/\/comiteducoeur.org\/en\/privacy-policy\/\" \/>\n<meta property=\"og:locale\" content=\"en_US\" \/>\n<meta property=\"og:type\" content=\"article\" \/>\n<meta property=\"og:title\" content=\"Privacy policy &#8211; Comit\u00e9 du c\u0153ur des soci\u00e9taires Sacem\" \/>\n<meta property=\"og:description\" content=\"Privacy policy, use of cookiesGeneral terms and conditions of use of the websiteThe Comit\u00e9 du c\u0153ur is strongly committed to protecting your personal data and ensures compliance with the regulations in force under the General Data Protection Regulation of 27 April, 2016, (hereinafter \u2018GDPR\u2019), which came into force on 25 May, 2018, and the French [&hellip;]\" \/>\n<meta property=\"og:url\" content=\"https:\/\/comiteducoeur.org\/en\/privacy-policy\/\" \/>\n<meta property=\"og:site_name\" content=\"Comit\u00e9 du c\u0153ur des soci\u00e9taires Sacem\" \/>\n<meta property=\"article:modified_time\" content=\"2025-09-29T13:46:32+00:00\" \/>\n<meta name=\"twitter:card\" content=\"summary_large_image\" \/>\n<meta name=\"twitter:label1\" content=\"Est. reading time\" \/>\n\t<meta name=\"twitter:data1\" content=\"7 minutes\" \/>\n<script type=\"application\/ld+json\" class=\"yoast-schema-graph\">{\"@context\":\"https:\/\/schema.org\",\"@graph\":[{\"@type\":\"WebPage\",\"@id\":\"https:\/\/comiteducoeur.org\/en\/privacy-policy\/\",\"url\":\"https:\/\/comiteducoeur.org\/en\/privacy-policy\/\",\"name\":\"Privacy policy &#8211; Comit\u00e9 du c\u0153ur des soci\u00e9taires Sacem\",\"isPartOf\":{\"@id\":\"https:\/\/comiteducoeur.org\/en\/#website\"},\"datePublished\":\"2020-06-12T23:55:17+00:00\",\"dateModified\":\"2025-09-29T13:46:32+00:00\",\"breadcrumb\":{\"@id\":\"https:\/\/comiteducoeur.org\/en\/privacy-policy\/#breadcrumb\"},\"inLanguage\":\"en-US\",\"potentialAction\":[{\"@type\":\"ReadAction\",\"target\":[\"https:\/\/comiteducoeur.org\/en\/privacy-policy\/\"]}]},{\"@type\":\"BreadcrumbList\",\"@id\":\"https:\/\/comiteducoeur.org\/en\/privacy-policy\/#breadcrumb\",\"itemListElement\":[{\"@type\":\"ListItem\",\"position\":1,\"name\":\"Accueil\",\"item\":\"https:\/\/comiteducoeur.org\/en\/\"},{\"@type\":\"ListItem\",\"position\":2,\"name\":\"Privacy policy\"}]},{\"@type\":\"WebSite\",\"@id\":\"https:\/\/comiteducoeur.org\/en\/#website\",\"url\":\"https:\/\/comiteducoeur.org\/en\/\",\"name\":\"Comit\u00e9 du c\u0153ur des soci\u00e9taires Sacem\",\"description\":\"Association d\u2019entraide des auteurs et compositeurs membres de la Sacem \u2014 reconnue d&#039;utilit\u00e9 publique depuis 1953\",\"publisher\":{\"@id\":\"https:\/\/comiteducoeur.org\/en\/#organization\"},\"potentialAction\":[{\"@type\":\"SearchAction\",\"target\":{\"@type\":\"EntryPoint\",\"urlTemplate\":\"https:\/\/comiteducoeur.org\/en\/?s={search_term_string}\"},\"query-input\":{\"@type\":\"PropertyValueSpecification\",\"valueRequired\":true,\"valueName\":\"search_term_string\"}}],\"inLanguage\":\"en-US\"},{\"@type\":\"Organization\",\"@id\":\"https:\/\/comiteducoeur.org\/en\/#organization\",\"name\":\"Comit\u00e9 du c\u0153eur\",\"url\":\"https:\/\/comiteducoeur.org\/en\/\",\"logo\":{\"@type\":\"ImageObject\",\"inLanguage\":\"en-US\",\"@id\":\"https:\/\/comiteducoeur.org\/en\/#\/schema\/logo\/image\/\",\"url\":\"\",\"contentUrl\":\"\",\"caption\":\"Comit\u00e9 du c\u0153eur\"},\"image\":{\"@id\":\"https:\/\/comiteducoeur.org\/en\/#\/schema\/logo\/image\/\"}}]}<\/script>\n<!-- \/ Yoast SEO plugin. -->","yoast_head_json":{"title":"Privacy policy &#8211; Comit\u00e9 du c\u0153ur des soci\u00e9taires Sacem","robots":{"index":"index","follow":"follow","max-snippet":"max-snippet:-1","max-image-preview":"max-image-preview:large","max-video-preview":"max-video-preview:-1"},"canonical":"https:\/\/comiteducoeur.org\/en\/privacy-policy\/","og_locale":"en_US","og_type":"article","og_title":"Privacy policy &#8211; Comit\u00e9 du c\u0153ur des soci\u00e9taires Sacem","og_description":"Privacy policy, use of cookiesGeneral terms and conditions of use of the websiteThe Comit\u00e9 du c\u0153ur is strongly committed to protecting your personal data and ensures compliance with the regulations in force under the General Data Protection Regulation of 27 April, 2016, (hereinafter \u2018GDPR\u2019), which came into force on 25 May, 2018, and the French [&hellip;]","og_url":"https:\/\/comiteducoeur.org\/en\/privacy-policy\/","og_site_name":"Comit\u00e9 du c\u0153ur des soci\u00e9taires Sacem","article_modified_time":"2025-09-29T13:46:32+00:00","twitter_card":"summary_large_image","twitter_misc":{"Est. reading time":"7 minutes"},"schema":{"@context":"https:\/\/schema.org","@graph":[{"@type":"WebPage","@id":"https:\/\/comiteducoeur.org\/en\/privacy-policy\/","url":"https:\/\/comiteducoeur.org\/en\/privacy-policy\/","name":"Privacy policy &#8211; Comit\u00e9 du c\u0153ur des soci\u00e9taires Sacem","isPartOf":{"@id":"https:\/\/comiteducoeur.org\/en\/#website"},"datePublished":"2020-06-12T23:55:17+00:00","dateModified":"2025-09-29T13:46:32+00:00","breadcrumb":{"@id":"https:\/\/comiteducoeur.org\/en\/privacy-policy\/#breadcrumb"},"inLanguage":"en-US","potentialAction":[{"@type":"ReadAction","target":["https:\/\/comiteducoeur.org\/en\/privacy-policy\/"]}]},{"@type":"BreadcrumbList","@id":"https:\/\/comiteducoeur.org\/en\/privacy-policy\/#breadcrumb","itemListElement":[{"@type":"ListItem","position":1,"name":"Accueil","item":"https:\/\/comiteducoeur.org\/en\/"},{"@type":"ListItem","position":2,"name":"Privacy policy"}]},{"@type":"WebSite","@id":"https:\/\/comiteducoeur.org\/en\/#website","url":"https:\/\/comiteducoeur.org\/en\/","name":"Comit\u00e9 du c\u0153ur des soci\u00e9taires Sacem","description":"Association d\u2019entraide des auteurs et compositeurs membres de la Sacem \u2014 reconnue d&#039;utilit\u00e9 publique depuis 1953","publisher":{"@id":"https:\/\/comiteducoeur.org\/en\/#organization"},"potentialAction":[{"@type":"SearchAction","target":{"@type":"EntryPoint","urlTemplate":"https:\/\/comiteducoeur.org\/en\/?s={search_term_string}"},"query-input":{"@type":"PropertyValueSpecification","valueRequired":true,"valueName":"search_term_string"}}],"inLanguage":"en-US"},{"@type":"Organization","@id":"https:\/\/comiteducoeur.org\/en\/#organization","name":"Comit\u00e9 du c\u0153eur","url":"https:\/\/comiteducoeur.org\/en\/","logo":{"@type":"ImageObject","inLanguage":"en-US","@id":"https:\/\/comiteducoeur.org\/en\/#\/schema\/logo\/image\/","url":"","contentUrl":"","caption":"Comit\u00e9 du c\u0153eur"},"image":{"@id":"https:\/\/comiteducoeur.org\/en\/#\/schema\/logo\/image\/"}}]}},"_links":{"self":[{"href":"https:\/\/comiteducoeur.org\/en\/wp-json\/wp\/v2\/pages\/12458","targetHints":{"allow":["GET"]}}],"collection":[{"href":"https:\/\/comiteducoeur.org\/en\/wp-json\/wp\/v2\/pages"}],"about":[{"href":"https:\/\/comiteducoeur.org\/en\/wp-json\/wp\/v2\/types\/page"}],"author":[{"embeddable":true,"href":"https:\/\/comiteducoeur.org\/en\/wp-json\/wp\/v2\/users\/1"}],"replies":[{"embeddable":true,"href":"https:\/\/comiteducoeur.org\/en\/wp-json\/wp\/v2\/comments?post=12458"}],"version-history":[{"count":4,"href":"https:\/\/comiteducoeur.org\/en\/wp-json\/wp\/v2\/pages\/12458\/revisions"}],"predecessor-version":[{"id":12462,"href":"https:\/\/comiteducoeur.org\/en\/wp-json\/wp\/v2\/pages\/12458\/revisions\/12462"}],"wp:attachment":[{"href":"https:\/\/comiteducoeur.org\/en\/wp-json\/wp\/v2\/media?parent=12458"}],"curies":[{"name":"wp","href":"https:\/\/api.w.org\/{rel}","templated":true}]}}